{"id":137,"date":"2022-02-02T10:11:15","date_gmt":"2022-02-02T09:11:15","guid":{"rendered":"https:\/\/fki.htw-berlin.de\/creative-media\/?page_id=137"},"modified":"2022-07-25T10:24:18","modified_gmt":"2022-07-25T08:24:18","slug":"projekte","status":"publish","type":"page","link":"https:\/\/fki.htw-berlin.de\/inka\/projekte\/","title":{"rendered":"Projekte"},"content":{"rendered":"<div class=\"wpb-content-wrapper\"><p>[vc_row][vc_column]\r\n            \r\n            <div class=\"sh-empty-space vc_empty_space sh-empty-space-oquLd5CyHP  \" style=\"height: 64px\">\r\n                <span class=\"vc_empty_space_inner\"><\/span>\r\n            <\/div>\r\n\r\n        [vc_custom_heading text=&#8221;Projekte&#8221; font_container=&#8221;tag:h1|font_size:26|text_align:left&#8221; google_fonts=&#8221;font_family:Montserrat%3Aregular%2C700|font_style:400%20regular%3A400%3Anormal&#8221;][vc_separator][\/vc_column][\/vc_row][vc_row][vc_column][vc_column_text]Ob in Zusammenarbeit mit den Konzerth\u00e4usern in Berlin, Odessa und Florenz \u2013 oder mit Akteur:innen der freien Kulturszene unserer Hauptstadt: Erfahren Sie mehr \u00fcber die laufenden, \u00f6ffentlich gef\u00f6rderten INKA-Forschungsprojekte an der Schnittstelle von Kultur und Informatik \u2013 immer unter Einsatz der Extended-Reality-Technologien Augmented, Mixed und Virtual Reality![\/vc_column_text]\r\n            \r\n            <div class=\"sh-empty-space vc_empty_space sh-empty-space-MBx61jui4C  \" style=\"height: 32px\">\r\n                <span class=\"vc_empty_space_inner\"><\/span>\r\n            <\/div>\r\n\r\n        [vc_custom_heading text=&#8221;Aktuell&#8221; font_container=&#8221;tag:h2|font_size:26|text_align:left&#8221; google_fonts=&#8221;font_family:Montserrat%3Aregular%2C700|font_style:400%20regular%3A400%3Anormal&#8221;][vc_basic_grid post_type=&#8221;fw-portfolio&#8221; max_items=&#8221;-1&#8243; style=&#8221;pagination&#8221; items_per_page=&#8221;8&#8243; element_width=&#8221;3&#8243; order=&#8221;ASC&#8221; paging_design=&#8221;pagination_default_dark&#8221; item=&#8221;3029&#8243; grid_id=&#8221;vc_gid:1658737445577-511e77a4-af44-2&#8243; taxonomies=&#8221;172&#8243;]\r\n            \r\n            <div class=\"sh-empty-space vc_empty_space sh-empty-space-ihl351pcg4  \" style=\"height: 32px\">\r\n                <span class=\"vc_empty_space_inner\"><\/span>\r\n            <\/div>\r\n\r\n        [vc_custom_heading text=&#8221;Abgeschlossen&#8221; font_container=&#8221;tag:h2|font_size:26|text_align:left&#8221; google_fonts=&#8221;font_family:Montserrat%3Aregular%2C700|font_style:400%20regular%3A400%3Anormal&#8221;][vc_basic_grid post_type=&#8221;fw-portfolio&#8221; max_items=&#8221;-1&#8243; style=&#8221;pagination&#8221; items_per_page=&#8221;8&#8243; element_width=&#8221;3&#8243; order=&#8221;ASC&#8221; paging_design=&#8221;pagination_default_dark&#8221; item=&#8221;3029&#8243; grid_id=&#8221;vc_gid:1658737445579-9c9350af-c876-6&#8243; taxonomies=&#8221;173&#8243;]\r\n            \r\n            <div class=\"sh-empty-space vc_empty_space sh-empty-space-m8v4S9Fnfi  \" style=\"height: 64px\">\r\n                <span class=\"vc_empty_space_inner\"><\/span>\r\n            <\/div>\r\n\r\n        [\/vc_column][\/vc_row][vc_row][vc_column]\r\n            \r\n            <div class=\"sh-empty-space vc_empty_space sh-empty-space-4MCYk2o1yO  \" style=\"height: 64px\">\r\n                <span class=\"vc_empty_space_inner\"><\/span>\r\n            <\/div>\r\n\r\n        [\/vc_column][\/vc_row][vc_row][vc_column][\/vc_column][\/vc_row]<\/p>\n<\/div>","protected":false},"excerpt":{"rendered":"<p>[vc_row][vc_column][vc_custom_heading text=&#8221;Projekte&#8221; font_container=&#8221;tag:h1|font_size:26|text_align:left&#8221; google_fonts=&#8221;font_family:Montserrat%3Aregular%2C700|font_style:400%20regular%3A400%3Anormal&#8221;][vc_separator][\/vc_column][\/vc_row][vc_row][vc_column][vc_column_text]Ob in Zusammenarbeit mit den Konzerth\u00e4usern in Berlin, Odessa und Florenz \u2013 oder mit Akteur:innen der freien Kulturszene unserer Hauptstadt: Erfahren Sie mehr \u00fcber die laufenden, \u00f6ffentlich gef\u00f6rderten INKA-Forschungsprojekte an der Schnittstelle von Kultur und Informatik \u2013 immer unter Einsatz der Extended-Reality-Technologien Augmented, Mixed und Virtual Reality![\/vc_column_text][vc_custom_heading&#8230;<\/p>\n","protected":false},"author":4,"featured_media":0,"parent":0,"menu_order":0,"comment_status":"closed","ping_status":"closed","template":"","meta":{"footnotes":""},"class_list":["post-137","page","type-page","status-publish","hentry"],"_links":{"self":[{"href":"https:\/\/fki.htw-berlin.de\/inka\/wp-json\/wp\/v2\/pages\/137","targetHints":{"allow":["GET"]}}],"collection":[{"href":"https:\/\/fki.htw-berlin.de\/inka\/wp-json\/wp\/v2\/pages"}],"about":[{"href":"https:\/\/fki.htw-berlin.de\/inka\/wp-json\/wp\/v2\/types\/page"}],"author":[{"embeddable":true,"href":"https:\/\/fki.htw-berlin.de\/inka\/wp-json\/wp\/v2\/users\/4"}],"replies":[{"embeddable":true,"href":"https:\/\/fki.htw-berlin.de\/inka\/wp-json\/wp\/v2\/comments?post=137"}],"version-history":[{"count":27,"href":"https:\/\/fki.htw-berlin.de\/inka\/wp-json\/wp\/v2\/pages\/137\/revisions"}],"predecessor-version":[{"id":3952,"href":"https:\/\/fki.htw-berlin.de\/inka\/wp-json\/wp\/v2\/pages\/137\/revisions\/3952"}],"wp:attachment":[{"href":"https:\/\/fki.htw-berlin.de\/inka\/wp-json\/wp\/v2\/media?parent=137"}],"curies":[{"name":"wp","href":"https:\/\/api.w.org\/{rel}","templated":true}]}}