{"id":129,"date":"2022-02-02T10:10:25","date_gmt":"2022-02-02T09:10:25","guid":{"rendered":"https:\/\/fki.htw-berlin.de\/creative-media\/?page_id=129"},"modified":"2023-02-03T10:48:30","modified_gmt":"2023-02-03T09:48:30","slug":"startseite","status":"publish","type":"page","link":"https:\/\/fki.htw-berlin.de\/inka\/","title":{"rendered":"Startseite"},"content":{"rendered":"<div class=\"wpb-content-wrapper\"><p>[vc_row][vc_column]\r\n            \r\n            <div class=\"sh-empty-space vc_empty_space sh-empty-space-Um1SBXq6Ou  \" style=\"height: 64px\">\r\n                <span class=\"vc_empty_space_inner\"><\/span>\r\n            <\/div>\r\n\r\n        [vc_custom_heading text=&#8221;Herzlich Willkommen bei der Forschungsgruppe INKA&#8221; font_container=&#8221;tag:h2|font_size:26|text_align:left&#8221; google_fonts=&#8221;font_family:Montserrat%3Aregular%2C700|font_style:400%20regular%3A400%3Anormal&#8221;]\r\n\r\n\r\n\r\n<div id=\"image-gallery-OaIwerPzbB\" class=\"sh-image-gallery sh-image-gallery-noverlay sh-image-gallery-container sh-image-gallery-dots1\"  data-columns=\"1\">\r\n\t\t\t<div class=\"sh-image-gallery-item\">\r\n\t\t\t<div class=\"sh-gallery-item\">\r\n\t\t\t\t<div class=\"post-meta-thumb\">\r\n\r\n\t\t\t\t\t\t\t\t\t\t\t<img decoding=\"async\" src=\"https:\/\/fki.htw-berlin.de\/inka\/wp-content\/uploads\/sites\/3\/2022\/07\/KHBerlin2_Credits.jpg\" alt=\"KHBerlin2_Credits\" \/>\r\n\t\t\t\t\t\r\n\t\t\t\t\t\t\t\t\t\t\t\r\n        <div class=\"sh-overlay-style1\">\r\n            <div class=\"sh-table-full\">\r\n                \r\n                                    <a href=\"https:\/\/fki.htw-berlin.de\/inka\/wp-content\/uploads\/sites\/3\/2022\/07\/KHBerlin2_Credits-1024x469.jpg\" class=\"sh-overlay-item sh-table-cell\" data-rel=\"lightcase:imgCollectionOaIwerPzbB\">\r\n                        <div class=\"sh-overlay-item-container\">\r\n                            <i class=\"icon-magnifier-add\"><\/i>\r\n                        <\/div>\r\n                    <\/a>\r\n                            <\/div>\r\n        <\/div>\r\n\r\n    \t\t\t\t\t\t\t\t\t<\/div>\r\n\t\t\t<\/div>\r\n\t\t<\/div>\r\n\t\t\t<div class=\"sh-image-gallery-item\">\r\n\t\t\t<div class=\"sh-gallery-item\">\r\n\t\t\t\t<div class=\"post-meta-thumb\">\r\n\r\n\t\t\t\t\t\t\t\t\t\t\t<img decoding=\"async\" src=\"https:\/\/fki.htw-berlin.de\/inka\/wp-content\/uploads\/sites\/3\/2022\/07\/Transient-Exposure_image2_Credits.jpg\" alt=\"Transient-Exposure_image2_Credits\" \/>\r\n\t\t\t\t\t\r\n\t\t\t\t\t\t\t\t\t\t\t\r\n        <div class=\"sh-overlay-style1\">\r\n            <div class=\"sh-table-full\">\r\n                \r\n                                    <a href=\"https:\/\/fki.htw-berlin.de\/inka\/wp-content\/uploads\/sites\/3\/2022\/07\/Transient-Exposure_image2_Credits-1024x469.jpg\" class=\"sh-overlay-item sh-table-cell\" data-rel=\"lightcase:imgCollectionOaIwerPzbB\">\r\n                        <div class=\"sh-overlay-item-container\">\r\n                            <i class=\"icon-magnifier-add\"><\/i>\r\n                        <\/div>\r\n                    <\/a>\r\n                            <\/div>\r\n        <\/div>\r\n\r\n    \t\t\t\t\t\t\t\t\t<\/div>\r\n\t\t\t<\/div>\r\n\t\t<\/div>\r\n\t\t\t<div class=\"sh-image-gallery-item\">\r\n\t\t\t<div class=\"sh-gallery-item\">\r\n\t\t\t\t<div class=\"post-meta-thumb\">\r\n\r\n\t\t\t\t\t\t\t\t\t\t\t<img decoding=\"async\" src=\"https:\/\/fki.htw-berlin.de\/inka\/wp-content\/uploads\/sites\/3\/2022\/01\/aura_Credits.jpg\" alt=\"aura_Credits\" \/>\r\n\t\t\t\t\t\r\n\t\t\t\t\t\t\t\t\t\t\t\r\n        <div class=\"sh-overlay-style1\">\r\n            <div class=\"sh-table-full\">\r\n                \r\n                                    <a href=\"https:\/\/fki.htw-berlin.de\/inka\/wp-content\/uploads\/sites\/3\/2022\/01\/aura_Credits-1024x469.jpg\" class=\"sh-overlay-item sh-table-cell\" data-rel=\"lightcase:imgCollectionOaIwerPzbB\">\r\n                        <div class=\"sh-overlay-item-container\">\r\n                            <i class=\"icon-magnifier-add\"><\/i>\r\n                        <\/div>\r\n                    <\/a>\r\n                            <\/div>\r\n        <\/div>\r\n\r\n    \t\t\t\t\t\t\t\t\t<\/div>\r\n\t\t\t<\/div>\r\n\t\t<\/div>\r\n\t\t\t<div class=\"sh-image-gallery-item\">\r\n\t\t\t<div class=\"sh-gallery-item\">\r\n\t\t\t\t<div class=\"post-meta-thumb\">\r\n\r\n\t\t\t\t\t\t\t\t\t\t\t<img decoding=\"async\" src=\"https:\/\/fki.htw-berlin.de\/inka\/wp-content\/uploads\/sites\/3\/2022\/07\/ChristinaSarli_SenorPulpo_Credits.jpg\" alt=\"ChristinaSarli_SenorPulpo_Credits\" \/>\r\n\t\t\t\t\t\r\n\t\t\t\t\t\t\t\t\t\t\t\r\n        <div class=\"sh-overlay-style1\">\r\n            <div class=\"sh-table-full\">\r\n                \r\n                                    <a href=\"https:\/\/fki.htw-berlin.de\/inka\/wp-content\/uploads\/sites\/3\/2022\/07\/ChristinaSarli_SenorPulpo_Credits-1024x469.jpg\" class=\"sh-overlay-item sh-table-cell\" data-rel=\"lightcase:imgCollectionOaIwerPzbB\">\r\n                        <div class=\"sh-overlay-item-container\">\r\n                            <i class=\"icon-magnifier-add\"><\/i>\r\n                        <\/div>\r\n                    <\/a>\r\n                            <\/div>\r\n        <\/div>\r\n\r\n    \t\t\t\t\t\t\t\t\t<\/div>\r\n\t\t\t<\/div>\r\n\t\t<\/div>\r\n\t\t\t<div class=\"sh-image-gallery-item\">\r\n\t\t\t<div class=\"sh-gallery-item\">\r\n\t\t\t\t<div class=\"post-meta-thumb\">\r\n\r\n\t\t\t\t\t\t\t\t\t\t\t<img decoding=\"async\" src=\"https:\/\/fki.htw-berlin.de\/inka\/wp-content\/uploads\/sites\/3\/2022\/07\/KursteilnehmerInnen_Credits.jpg\" alt=\"KursteilnehmerInnen_Credits\" \/>\r\n\t\t\t\t\t\r\n\t\t\t\t\t\t\t\t\t\t\t\r\n        <div class=\"sh-overlay-style1\">\r\n            <div class=\"sh-table-full\">\r\n                \r\n                                    <a href=\"https:\/\/fki.htw-berlin.de\/inka\/wp-content\/uploads\/sites\/3\/2022\/07\/KursteilnehmerInnen_Credits-1024x469.jpg\" class=\"sh-overlay-item sh-table-cell\" data-rel=\"lightcase:imgCollectionOaIwerPzbB\">\r\n                        <div class=\"sh-overlay-item-container\">\r\n                            <i class=\"icon-magnifier-add\"><\/i>\r\n                        <\/div>\r\n                    <\/a>\r\n                            <\/div>\r\n        <\/div>\r\n\r\n    \t\t\t\t\t\t\t\t\t<\/div>\r\n\t\t\t<\/div>\r\n\t\t<\/div>\r\n\t\t\t<div class=\"sh-image-gallery-item\">\r\n\t\t\t<div class=\"sh-gallery-item\">\r\n\t\t\t\t<div class=\"post-meta-thumb\">\r\n\r\n\t\t\t\t\t\t\t\t\t\t\t<img decoding=\"async\" src=\"https:\/\/fki.htw-berlin.de\/inka\/wp-content\/uploads\/sites\/3\/2022\/01\/VirtuellessQuartett_Credits.jpg\" alt=\"VirtuellessQuartett_Credits\" \/>\r\n\t\t\t\t\t\r\n\t\t\t\t\t\t\t\t\t\t\t\r\n        <div class=\"sh-overlay-style1\">\r\n            <div class=\"sh-table-full\">\r\n                \r\n                                    <a href=\"https:\/\/fki.htw-berlin.de\/inka\/wp-content\/uploads\/sites\/3\/2022\/01\/VirtuellessQuartett_Credits-1024x469.jpg\" class=\"sh-overlay-item sh-table-cell\" data-rel=\"lightcase:imgCollectionOaIwerPzbB\">\r\n                        <div class=\"sh-overlay-item-container\">\r\n                            <i class=\"icon-magnifier-add\"><\/i>\r\n                        <\/div>\r\n                    <\/a>\r\n                            <\/div>\r\n        <\/div>\r\n\r\n    \t\t\t\t\t\t\t\t\t<\/div>\r\n\t\t\t<\/div>\r\n\t\t<\/div>\r\n\t\t\t<div class=\"sh-image-gallery-item\">\r\n\t\t\t<div class=\"sh-gallery-item\">\r\n\t\t\t\t<div class=\"post-meta-thumb\">\r\n\r\n\t\t\t\t\t\t\t\t\t\t\t<img decoding=\"async\" src=\"https:\/\/fki.htw-berlin.de\/inka\/wp-content\/uploads\/sites\/3\/2022\/07\/AusstellungExtendedReality_Credits.jpg\" alt=\"AusstellungExtendedReality_Credits\" \/>\r\n\t\t\t\t\t\r\n\t\t\t\t\t\t\t\t\t\t\t\r\n        <div class=\"sh-overlay-style1\">\r\n            <div class=\"sh-table-full\">\r\n                \r\n                                    <a href=\"https:\/\/fki.htw-berlin.de\/inka\/wp-content\/uploads\/sites\/3\/2022\/07\/AusstellungExtendedReality_Credits-1024x469.jpg\" class=\"sh-overlay-item sh-table-cell\" data-rel=\"lightcase:imgCollectionOaIwerPzbB\">\r\n                        <div class=\"sh-overlay-item-container\">\r\n                            <i class=\"icon-magnifier-add\"><\/i>\r\n                        <\/div>\r\n                    <\/a>\r\n                            <\/div>\r\n        <\/div>\r\n\r\n    \t\t\t\t\t\t\t\t\t<\/div>\r\n\t\t\t<\/div>\r\n\t\t<\/div>\r\n\t\t\t<div class=\"sh-image-gallery-item\">\r\n\t\t\t<div class=\"sh-gallery-item\">\r\n\t\t\t\t<div class=\"post-meta-thumb\">\r\n\r\n\t\t\t\t\t\t\t\t\t\t\t<img decoding=\"async\" src=\"https:\/\/fki.htw-berlin.de\/inka\/wp-content\/uploads\/sites\/3\/2022\/01\/konzertbox_credits2.jpg\" alt=\"konzertbox_credits2\" \/>\r\n\t\t\t\t\t\r\n\t\t\t\t\t\t\t\t\t\t\t\r\n        <div class=\"sh-overlay-style1\">\r\n            <div class=\"sh-table-full\">\r\n                \r\n                                    <a href=\"https:\/\/fki.htw-berlin.de\/inka\/wp-content\/uploads\/sites\/3\/2022\/01\/konzertbox_credits2-1024x469.jpg\" class=\"sh-overlay-item sh-table-cell\" data-rel=\"lightcase:imgCollectionOaIwerPzbB\">\r\n                        <div class=\"sh-overlay-item-container\">\r\n                            <i class=\"icon-magnifier-add\"><\/i>\r\n                        <\/div>\r\n                    <\/a>\r\n                            <\/div>\r\n        <\/div>\r\n\r\n    \t\t\t\t\t\t\t\t\t<\/div>\r\n\t\t\t<\/div>\r\n\t\t<\/div>\r\n\t<\/div>\r\n            <style type=\"text\/css\">\r\n                #image-gallery-OaIwerPzbB .slick-dots li.slick-active button {background-color: #9fd677!important;}            <\/style>\r\n        \r\n            \r\n            <div class=\"sh-empty-space vc_empty_space sh-empty-space-NU0fzICWtc  \" style=\"height: 32px\">\r\n                <span class=\"vc_empty_space_inner\"><\/span>\r\n            <\/div>\r\n\r\n        [vc_column_text]Die Forschungsgruppe INKA entwickelt XR-Anwendungen mit langj\u00e4hriger Expertise speziell in den Bereichen Kunst, Kultur und Kreativwirtschaft. Dazu forscht, entwickelt, lehrt und ber\u00e4t das interdisziplin\u00e4re Team am Forschungszentrum f\u00fcr Kultur und Informatik (FKI) der HTW Berlin.<\/p>\n<p>1999 von J\u00fcrgen Sieck gegr\u00fcndet und seitdem geleitet, konzentriert sich INKA seit 2008 auf die Entwicklung mobiler Anwendungen mit Augmented, Mixed und Virtual Reality-Technologien (XR) \u2013 etwa f\u00fcr Museen, Theater und Konzerth\u00e4user, aber auch in Kollaboration mit freien Kulturschaffenden in Berlin.<\/p>\n<p>Jedes Semester betreuen INKA-Forschende au\u00dferdem Lehrveranstaltungen zu Themen der Angewandten Informatik und Kulturwissenschaft neuer Medien an der HTW Berlin. Neben der Lehre vermitteln sie ihr Wissen durch <a href=\"https:\/\/fki.htw-berlin.de\/inka\/publikationen\/\" target=\"_blank\" rel=\"noopener\">Publikationen<\/a>, <a href=\"https:\/\/codeandmateriality.fki.htw-berlin.de\/de\/startseite\/\" target=\"_blank\" rel=\"noopener\">Ausstellungen<\/a>, <a href=\"https:\/\/fki.htw-berlin.de\/inka\/project\/aurora\/\" target=\"_blank\" rel=\"noopener\">Weiterbildungen<\/a> und regelm\u00e4\u00dfige Veranstaltungen.<\/p>\n<p>Mit einer Vielzahl erfolgreicher <a href=\"https:\/\/fki.htw-berlin.de\/inka\/projekte\/\" target=\"_blank\" rel=\"noopener\">Projekte<\/a> ist die Forschungsgruppe INKA verl\u00e4sslicher und kompetenter Netzwerkpartner der Berliner Kultur-, Forschungs- und Gr\u00fcnder:innen-Landschaft. Zu ihren Partnern geh\u00f6ren neben zahlreichen Museen das Konzerthaus Berlin, Akteur:innen und Einrichtungen der freien Berliner Kreativszene sowie der Exzellenzcluster <em>Matters of Activity<\/em> der Humboldt-Universit\u00e4t zu Berlin.<\/p>\n<p>International kooperiert INKA unter anderem mit der Namibia University of Science and Technology in Windhoek, der Universit\u00e0 degli Studi di Firenze, der Odessa National Polytechnic University und der Ternopil National Economic University.[\/vc_column_text][vc_custom_heading text=&#8221;Haben wir Ihr Interesse geweckt?&#8221; font_container=&#8221;tag:h2|font_size:26|text_align:left&#8221; google_fonts=&#8221;font_family:Montserrat%3Aregular%2C700|font_style:400%20regular%3A400%3Anormal&#8221;][vc_column_text]Die Forschungsgruppe INKA ist immer an der Erweiterung ihres Netzwerkes und neuen spannenden Kooperationen interessiert! Bei Interesse an einem Austausch \u2013 sei es \u00fcber Ihre Wissenschaft oder eine innovative Projektidee, f\u00fcr die Sie noch Partner mit XR-Expertise suchen \u2013 kontaktieren Sie uns gerne \u00fcber das <a href=\"https:\/\/fki.htw-berlin.de\/inka\/kontakt\/\" target=\"_blank\" rel=\"noopener\">Kontaktformular<\/a>.[\/vc_column_text][\/vc_column][\/vc_row][vc_row][vc_column][\/vc_column][\/vc_row][vc_row][vc_column]\r\n            \r\n            <div class=\"sh-empty-space vc_empty_space sh-empty-space-an6EPwzFtk  \" style=\"height: 128px\">\r\n                <span class=\"vc_empty_space_inner\"><\/span>\r\n            <\/div>\r\n\r\n        [\/vc_column][\/vc_row][vc_row][vc_column][\/vc_column][\/vc_row][vc_row][vc_column][\/vc_column][\/vc_row]<\/p>\n<\/div>","protected":false},"excerpt":{"rendered":"<p>[vc_row][vc_column][vc_custom_heading text=&#8221;Herzlich Willkommen bei der Forschungsgruppe INKA&#8221; font_container=&#8221;tag:h2|font_size:26|text_align:left&#8221; google_fonts=&#8221;font_family:Montserrat%3Aregular%2C700|font_style:400%20regular%3A400%3Anormal&#8221;][vc_column_text]Die Forschungsgruppe INKA entwickelt XR-Anwendungen mit langj\u00e4hriger Expertise speziell in den Bereichen Kunst, Kultur und Kreativwirtschaft. Dazu forscht, entwickelt, lehrt und ber\u00e4t das interdisziplin\u00e4re Team am Forschungszentrum f\u00fcr Kultur und Informatik (FKI) der HTW Berlin. 1999 von J\u00fcrgen Sieck gegr\u00fcndet und seitdem&#8230;<\/p>\n","protected":false},"author":4,"featured_media":0,"parent":0,"menu_order":0,"comment_status":"closed","ping_status":"closed","template":"","meta":{"_acf_changed":false,"footnotes":""},"class_list":["post-129","page","type-page","status-publish","hentry"],"acf":{"verstecktes_datum":null,"sichtbares_datum":"Am 01.01.2022 um 16 bis 18 Uhr","teasertext":"Lorem ipsum dolar pate..."},"_links":{"self":[{"href":"https:\/\/fki.htw-berlin.de\/inka\/wp-json\/wp\/v2\/pages\/129","targetHints":{"allow":["GET"]}}],"collection":[{"href":"https:\/\/fki.htw-berlin.de\/inka\/wp-json\/wp\/v2\/pages"}],"about":[{"href":"https:\/\/fki.htw-berlin.de\/inka\/wp-json\/wp\/v2\/types\/page"}],"author":[{"embeddable":true,"href":"https:\/\/fki.htw-berlin.de\/inka\/wp-json\/wp\/v2\/users\/4"}],"replies":[{"embeddable":true,"href":"https:\/\/fki.htw-berlin.de\/inka\/wp-json\/wp\/v2\/comments?post=129"}],"version-history":[{"count":79,"href":"https:\/\/fki.htw-berlin.de\/inka\/wp-json\/wp\/v2\/pages\/129\/revisions"}],"predecessor-version":[{"id":3966,"href":"https:\/\/fki.htw-berlin.de\/inka\/wp-json\/wp\/v2\/pages\/129\/revisions\/3966"}],"wp:attachment":[{"href":"https:\/\/fki.htw-berlin.de\/inka\/wp-json\/wp\/v2\/media?parent=129"}],"curies":[{"name":"wp","href":"https:\/\/api.w.org\/{rel}","templated":true}]}}