{"id":1260,"date":"2022-02-17T08:12:46","date_gmt":"2022-02-17T07:12:46","guid":{"rendered":"https:\/\/fki.htw-berlin.de\/creative-media\/?page_id=1260"},"modified":"2022-07-13T18:59:32","modified_gmt":"2022-07-13T16:59:32","slug":"datenschutz","status":"publish","type":"page","link":"https:\/\/fki.htw-berlin.de\/inka\/datenschutz\/","title":{"rendered":"Datenschutz"},"content":{"rendered":"<div class=\"wpb-content-wrapper\"><p>[vc_row][vc_column]\r\n            \r\n            <div class=\"sh-empty-space vc_empty_space sh-empty-space-sog4U1eywc  \" style=\"height: 64px\">\r\n                <span class=\"vc_empty_space_inner\"><\/span>\r\n            <\/div>\r\n\r\n        [vc_custom_heading text=&#8221;Datenschutz&#8221; font_container=&#8221;tag:h1|font_size:26|text_align:left&#8221; google_fonts=&#8221;font_family:Montserrat%3Aregular%2C700|font_style:400%20regular%3A400%3Anormal&#8221;][vc_separator][vc_column_text]Als Forschungsgruppe und Projekt der Hochschule f\u00fcr Technik und Wirtschaft (HTW) Berlin folgt diese Seite der <strong><a href=\"https:\/\/www.htw-berlin.de\/datenschutz\/\">Datenschutzerkl\u00e4rung<\/a> <\/strong>der Hochschule.<\/p>\n<p>\u00dcber die in der Datenschutzvereinbarung der HTW Berlin hinausgehenden Punkte werden auf der Subdomain der Forschungsgruppe (https:\/\/fki.htw-berlin.de\/inka\/) keine zus\u00e4tzlichen Daten erhoben, z. B. \u00fcber Formulare oder \u00e4hnlichem.<\/p>\n<p>Die spezifisch f\u00fcr die Subdomain erhobenen Cookies dienen nur dem Erhalt der Funktionsweise der verwendeten WordPress-Installation und sind in der Datenschutzerkl\u00e4rung der HTW Berlin mit abgedeckt.<\/p>\n<p>&nbsp;<\/p>\n<div class=\"csc-header csc-header-n2\">\n<h2>Verantwortlicher und Datenschutzbeauftragter<\/h2>\n<\/div>\n<p>Die Website https:\/\/fki.htw-berlin.de\/inka\/ einschlie\u00dflich aller Unterseiten wird betrieben durch die Forschungsgruppe <em>INKA<\/em> an der Hochschule f\u00fcr Technik und Wirtschaft Berlin und ist verantwortlich im Sinne des\u00a0<abbr title=\"Artikel\">Art.<\/abbr>\u00a05 II\u00a0<abbr title=\"Datenschutz-Grundverordnung\">DSGVO<\/abbr>.<\/p>\n<p>Der f\u00fcr die Verarbeitung verantwortlich Datenschutzbeauftragte ist:<\/p>\n<p><u>Alexander Kramer<\/u><br \/>\nCampus Wilhelminenhofsr.<br \/>\nGeb\u00e4ude H, Raum 113<br \/>\nWilhelminenhofstr. 75A<br \/>\n12459 Berlin<\/p>\n<p>Telefon: +49 30 5019-3467<br \/>\nFax: +49 30 5019-29-3467<br \/>\nE-Mail: Alexander.Kramer@HTW-Berlin.de<\/p>\n<p>Sie k\u00f6nnen sich jederzeit bei allen Fragen und Anregungen zum Datenschutz direkt an unseren Datenschutzbeauftragten wenden.<\/p>\n<p>Die verlinkte Datenschutzerkl\u00e4rung gilt nur f\u00fcr diese Website und deren Unterseiten, nicht aber f\u00fcr etwaig verlinkte Webseiten Dritter, etwa die verlinkten\u00a0<span lang=\"en\">Social-Media<\/span>-Seiten bei\u00a0<span lang=\"en\">Twitter, Facebook<\/span>\u00a0und\u00a0<span lang=\"en\">Instagram<\/span>.[\/vc_column_text][\/vc_column][\/vc_row][vc_row][vc_column]\r\n            \r\n            <div class=\"sh-empty-space vc_empty_space sh-empty-space-dNpH40UfQJ  \" style=\"height: 100px\">\r\n                <span class=\"vc_empty_space_inner\"><\/span>\r\n            <\/div>\r\n\r\n        [\/vc_column][\/vc_row][vc_row][vc_column][\/vc_column][\/vc_row]<\/p>\n<\/div>","protected":false},"excerpt":{"rendered":"<p>[vc_row][vc_column][vc_custom_heading text=&#8221;Datenschutz&#8221; font_container=&#8221;tag:h1|font_size:26|text_align:left&#8221; google_fonts=&#8221;font_family:Montserrat%3Aregular%2C700|font_style:400%20regular%3A400%3Anormal&#8221;][vc_separator][vc_column_text]Als Forschungsgruppe und Projekt der Hochschule f\u00fcr Technik und Wirtschaft (HTW) Berlin folgt diese Seite der Datenschutzerkl\u00e4rung der Hochschule. \u00dcber die in der Datenschutzvereinbarung der HTW Berlin hinausgehenden Punkte werden auf der Subdomain der Forschungsgruppe (https:\/\/fki.htw-berlin.de\/inka\/) keine zus\u00e4tzlichen Daten erhoben, z. B. \u00fcber Formulare oder \u00e4hnlichem. Die&#8230;<\/p>\n","protected":false},"author":4,"featured_media":0,"parent":0,"menu_order":0,"comment_status":"closed","ping_status":"closed","template":"redux-templates_full_width","meta":{"footnotes":""},"class_list":["post-1260","page","type-page","status-publish","hentry"],"_links":{"self":[{"href":"https:\/\/fki.htw-berlin.de\/inka\/wp-json\/wp\/v2\/pages\/1260","targetHints":{"allow":["GET"]}}],"collection":[{"href":"https:\/\/fki.htw-berlin.de\/inka\/wp-json\/wp\/v2\/pages"}],"about":[{"href":"https:\/\/fki.htw-berlin.de\/inka\/wp-json\/wp\/v2\/types\/page"}],"author":[{"embeddable":true,"href":"https:\/\/fki.htw-berlin.de\/inka\/wp-json\/wp\/v2\/users\/4"}],"replies":[{"embeddable":true,"href":"https:\/\/fki.htw-berlin.de\/inka\/wp-json\/wp\/v2\/comments?post=1260"}],"version-history":[{"count":2,"href":"https:\/\/fki.htw-berlin.de\/inka\/wp-json\/wp\/v2\/pages\/1260\/revisions"}],"predecessor-version":[{"id":3762,"href":"https:\/\/fki.htw-berlin.de\/inka\/wp-json\/wp\/v2\/pages\/1260\/revisions\/3762"}],"wp:attachment":[{"href":"https:\/\/fki.htw-berlin.de\/inka\/wp-json\/wp\/v2\/media?parent=1260"}],"curies":[{"name":"wp","href":"https:\/\/api.w.org\/{rel}","templated":true}]}}