{"id":253,"date":"2022-02-04T09:02:41","date_gmt":"2022-02-04T08:02:41","guid":{"rendered":"https:\/\/fki.htw-berlin.de\/creative-media\/?page_id=253"},"modified":"2026-02-27T14:26:25","modified_gmt":"2026-02-27T13:26:25","slug":"anfahrt-zum-gebaeude","status":"publish","type":"page","link":"https:\/\/fki.htw-berlin.de\/creative-media\/anfahrt-zum-gebaeude\/","title":{"rendered":"Anfahrt"},"content":{"rendered":"<div class=\"wpb-content-wrapper\"><p>[vc_row][vc_column]\r\n            \r\n            <div class=\"sh-empty-space vc_empty_space sh-empty-space-EKGAuBHTfl  \" style=\"height: 64px\">\r\n                <span class=\"vc_empty_space_inner\"><\/span>\r\n            <\/div>\r\n\r\n        [vc_custom_heading text=&#8221;Anfahrt&#8221; font_container=&#8221;tag:h1|font_size:26|text_align:left&#8221; google_fonts=&#8221;font_family:Montserrat%3Aregular%2C700|font_style:400%20regular%3A400%3Anormal&#8221;][vc_separator][vc_custom_heading text=&#8221;Besuchanschrift:&#8221; font_container=&#8221;tag:h2|font_size:20|text_align:left&#8221; google_fonts=&#8221;font_family:Montserrat%3Aregular%2C700|font_style:400%20regular%3A400%3Anormal&#8221; css=&#8221;&#8221;][vc_column_text]HTW Berlin \u2013 FKI (Geb\u00e4ude H)<br \/>\nForschungs- &amp; Weiterbildungszentrum f\u00fcr Kultur und Informatik<br \/>\nErnst-Ziesel-Stra\u00dfe<br \/>\n12459 Berlin[\/vc_column_text][vc_custom_heading text=&#8221;Post-\/Lieferanschrift:&#8221; font_container=&#8221;tag:h2|font_size:20|text_align:left&#8221; google_fonts=&#8221;font_family:Montserrat%3Aregular%2C700|font_style:400%20regular%3A400%3Anormal&#8221;][vc_column_text]Hochschule f\u00fcr Technik und Wirtschaft Berlin<br \/>\nFachbereich 4 \/ FG Creative Media<br \/>\nWilhelminenhofstr. 75A<br \/>\n12459 Berlin[\/vc_column_text][vc_custom_heading text=&#8221;Anfahrt zum FKI Geb\u00e4ude als Grafik:&#8221; font_container=&#8221;tag:h2|font_size:20|text_align:left&#8221; google_fonts=&#8221;font_family:Montserrat%3Aregular%2C700|font_style:400%20regular%3A400%3Anormal&#8221;]\r\n            \r\n            <ul class=\"sh-list sh-list-vc sh-list-style1\" id=\"list-JMVnWErUSA\">\r\n            \t            \t\t<li class=\"sh-list-item\">\r\n                                                    <a href=\"https:\/\/fki.htw-berlin.de\/creative-media\/wp-content\/uploads\/sites\/2\/2022\/01\/Anfahrtsplan_DE.pdf\" title=&quot;Anfahrtsplan_als_PDF_downloaden&quot; target=&quot;_blank&quot;>\r\n                        \r\n                \t\t\t<span class=\"sh-list-icon\">\r\n                                                                    <i class=\"icon-arrow-down-circle\"><\/i>\r\n                                                \t\t\t<\/span>\r\n                \t\t\t<span class=\"sh-list-content\">\r\n                                Anfahrtsplan als PDF                            <\/span>\r\n\r\n                                                    <\/a>\r\n                                    \t\t<\/li>\r\n            \t            <\/ul>\r\n\r\n        \r\n            \r\n            <ul class=\"sh-list sh-list-vc sh-list-style1\" id=\"list-BoG4rgECTf\">\r\n            \t            \t\t<li class=\"sh-list-item\">\r\n                                                    <a href=\"https:\/\/fki.htw-berlin.de\/creative-media\/wp-content\/uploads\/sites\/2\/2022\/01\/Anfahrtsplan_EN.pdf\" title=&quot;Download_map_as_PDF&quot; target=&quot;_blank&quot;>\r\n                        \r\n                \t\t\t<span class=\"sh-list-icon\">\r\n                                                                    <i class=\"icon-arrow-down-circle\"><\/i>\r\n                                                \t\t\t<\/span>\r\n                \t\t\t<span class=\"sh-list-content\">\r\n                                Download map as PDF                            <\/span>\r\n\r\n                                                    <\/a>\r\n                                    \t\t<\/li>\r\n            \t            <\/ul>\r\n\r\n        \r\n            \r\n            <div class=\"sh-empty-space vc_empty_space sh-empty-space-PFr2OUIK8g  \" style=\"height: 32px\">\r\n                <span class=\"vc_empty_space_inner\"><\/span>\r\n            <\/div>\r\n\r\n        [\/vc_column][\/vc_row][vc_row][vc_column][vc_single_image image=&#8221;267&#8243; img_size=&#8221;full&#8221; add_caption=&#8221;yes&#8221; onclick=&#8221;link_image&#8221;]\r\n            \r\n            <div class=\"sh-empty-space vc_empty_space sh-empty-space-zl6dIN0yUr  \" style=\"height: 64px\">\r\n                <span class=\"vc_empty_space_inner\"><\/span>\r\n            <\/div>\r\n\r\n        [\/vc_column][\/vc_row]<\/p>\n<\/div>","protected":false},"excerpt":{"rendered":"<p>[vc_row][vc_column][vc_custom_heading text=&#8221;Anfahrt&#8221; font_container=&#8221;tag:h1|font_size:26|text_align:left&#8221; google_fonts=&#8221;font_family:Montserrat%3Aregular%2C700|font_style:400%20regular%3A400%3Anormal&#8221;][vc_separator][vc_custom_heading text=&#8221;Besuchanschrift:&#8221; font_container=&#8221;tag:h2|font_size:20|text_align:left&#8221; google_fonts=&#8221;font_family:Montserrat%3Aregular%2C700|font_style:400%20regular%3A400%3Anormal&#8221; css=&#8221;&#8221;][vc_column_text]HTW Berlin \u2013 FKI (Geb\u00e4ude H) Forschungs- &amp; Weiterbildungszentrum f\u00fcr Kultur und Informatik Ernst-Ziesel-Stra\u00dfe 12459 Berlin[\/vc_column_text][vc_custom_heading text=&#8221;Post-\/Lieferanschrift:&#8221; font_container=&#8221;tag:h2|font_size:20|text_align:left&#8221; google_fonts=&#8221;font_family:Montserrat%3Aregular%2C700|font_style:400%20regular%3A400%3Anormal&#8221;][vc_column_text]Hochschule f\u00fcr Technik und Wirtschaft Berlin Fachbereich 4 \/ FG Creative Media Wilhelminenhofstr. 75A 12459 Berlin[\/vc_column_text][vc_custom_heading text=&#8221;Anfahrt zum FKI Geb\u00e4ude als Grafik:&#8221; font_container=&#8221;tag:h2|font_size:20|text_align:left&#8221; google_fonts=&#8221;font_family:Montserrat%3Aregular%2C700|font_style:400%20regular%3A400%3Anormal&#8221;][\/vc_column][\/vc_row][vc_row][vc_column][vc_single_image image=&#8221;267&#8243;&#8230;<\/p>\n","protected":false},"author":1,"featured_media":0,"parent":0,"menu_order":0,"comment_status":"closed","ping_status":"closed","template":"","meta":{"_acf_changed":false,"footnotes":""},"class_list":["post-253","page","type-page","status-publish","hentry"],"acf":{"datetext":"","verstecktes_datum":null,"sichtbares_datum":"Am 01.01.2022 um 16 bis 18 Uhr","teasertext":"Lorem ipsum dolar pate..."},"_links":{"self":[{"href":"https:\/\/fki.htw-berlin.de\/creative-media\/wp-json\/wp\/v2\/pages\/253","targetHints":{"allow":["GET"]}}],"collection":[{"href":"https:\/\/fki.htw-berlin.de\/creative-media\/wp-json\/wp\/v2\/pages"}],"about":[{"href":"https:\/\/fki.htw-berlin.de\/creative-media\/wp-json\/wp\/v2\/types\/page"}],"author":[{"embeddable":true,"href":"https:\/\/fki.htw-berlin.de\/creative-media\/wp-json\/wp\/v2\/users\/1"}],"replies":[{"embeddable":true,"href":"https:\/\/fki.htw-berlin.de\/creative-media\/wp-json\/wp\/v2\/comments?post=253"}],"version-history":[{"count":19,"href":"https:\/\/fki.htw-berlin.de\/creative-media\/wp-json\/wp\/v2\/pages\/253\/revisions"}],"predecessor-version":[{"id":4037,"href":"https:\/\/fki.htw-berlin.de\/creative-media\/wp-json\/wp\/v2\/pages\/253\/revisions\/4037"}],"wp:attachment":[{"href":"https:\/\/fki.htw-berlin.de\/creative-media\/wp-json\/wp\/v2\/media?parent=253"}],"curies":[{"name":"wp","href":"https:\/\/api.w.org\/{rel}","templated":true}]}}