{"id":153,"date":"2022-02-02T10:13:18","date_gmt":"2022-02-02T09:13:18","guid":{"rendered":"https:\/\/fki.htw-berlin.de\/creative-media\/?page_id=153"},"modified":"2026-02-27T16:58:34","modified_gmt":"2026-02-27T15:58:34","slug":"abschlussarbeiten","status":"publish","type":"page","link":"https:\/\/fki.htw-berlin.de\/creative-media\/abschlussarbeiten\/","title":{"rendered":"Abschlussarbeiten"},"content":{"rendered":"<div class=\"wpb-content-wrapper\"><p>[vc_row][vc_column]\r\n            \r\n            <div class=\"sh-empty-space vc_empty_space sh-empty-space-oGrEawFf1y  \" style=\"height: 64px\">\r\n                <span class=\"vc_empty_space_inner\"><\/span>\r\n            <\/div>\r\n\r\n        [vc_custom_heading text=&#8221;Abschlussarbeiten&#8221; font_container=&#8221;tag:h1|font_size:26|text_align:left&#8221; google_fonts=&#8221;font_family:Montserrat%3Aregular%2C700|font_style:400%20regular%3A400%3Anormal&#8221;][vc_separator][\/vc_column][\/vc_row][vc_row][vc_column][vc_column_text css=&#8221;&#8221;]<\/p>\n<p style=\"text-align: justify\">Abschlussarbeiten wurden und werden im Rahmen der Forschungsgruppe &#8220;Creative Media&#8221; betreut. Folgend ein \u00dcberblick \u00fcber m\u00f6gliche Themengebiete, die im Rahmen einer Zusammenarbeit mit der Forschungsgruppe bearbeitet werden k\u00f6nnen.<\/p>\n<p>[\/vc_column_text]\r\n            \r\n            <ul class=\"sh-list sh-list-vc sh-list-style4\" id=\"list-FL7Zw248g9\">\r\n            \t            \t\t<li class=\"sh-list-item\">\r\n                        \r\n                \t\t\t<span class=\"sh-list-icon\">\r\n                                                                    <i class=\"fa fa-caret-right\"><\/i>\r\n                                                \t\t\t<\/span>\r\n                \t\t\t<span class=\"sh-list-content\">\r\n                                AR\/VR-Anwendungen                            <\/span>\r\n\r\n                                    \t\t<\/li>\r\n            \t            <\/ul>\r\n\r\n        \r\n            \r\n            <ul class=\"sh-list sh-list-vc sh-list-style4\" id=\"list-6aTEJvjoW3\">\r\n            \t            \t\t<li class=\"sh-list-item\">\r\n                        \r\n                \t\t\t<span class=\"sh-list-icon\">\r\n                                                                    <i class=\"fa fa-caret-right\"><\/i>\r\n                                                \t\t\t<\/span>\r\n                \t\t\t<span class=\"sh-list-content\">\r\n                                Gamification\/Spiel-basiertes Lernen                            <\/span>\r\n\r\n                                    \t\t<\/li>\r\n            \t            <\/ul>\r\n\r\n        \r\n            \r\n            <ul class=\"sh-list sh-list-vc sh-list-style4\" id=\"list-mV1xZM2PAO\">\r\n            \t            \t\t<li class=\"sh-list-item\">\r\n                        \r\n                \t\t\t<span class=\"sh-list-icon\">\r\n                                                                    <i class=\"fa fa-caret-right\"><\/i>\r\n                                                \t\t\t<\/span>\r\n                \t\t\t<span class=\"sh-list-content\">\r\n                                Sensorbasierte Interaktionssysteme                            <\/span>\r\n\r\n                                    \t\t<\/li>\r\n            \t            <\/ul>\r\n\r\n        \r\n            \r\n            <ul class=\"sh-list sh-list-vc sh-list-style4\" id=\"list-x9QkRAFtXC\">\r\n            \t            \t\t<li class=\"sh-list-item\">\r\n                        \r\n                \t\t\t<span class=\"sh-list-icon\">\r\n                                                                    <i class=\"fa fa-caret-right\"><\/i>\r\n                                                \t\t\t<\/span>\r\n                \t\t\t<span class=\"sh-list-content\">\r\n                                Markenentwicklung\/Markenwirkung                            <\/span>\r\n\r\n                                    \t\t<\/li>\r\n            \t            <\/ul>\r\n\r\n        \r\n            \r\n            <ul class=\"sh-list sh-list-vc sh-list-style4\" id=\"list-tdsFXea28A\">\r\n            \t            \t\t<li class=\"sh-list-item\">\r\n                        \r\n                \t\t\t<span class=\"sh-list-icon\">\r\n                                                                    <i class=\"fa fa-caret-right\"><\/i>\r\n                                                \t\t\t<\/span>\r\n                \t\t\t<span class=\"sh-list-content\">\r\n                                Datenvisualisierung, u. a durch Nutzung von AR- und VR-Systemen                            <\/span>\r\n\r\n                                    \t\t<\/li>\r\n            \t            <\/ul>\r\n\r\n        \r\n            \r\n            <ul class=\"sh-list sh-list-vc sh-list-style4\" id=\"list-dsQxO8LMfl\">\r\n            \t            \t\t<li class=\"sh-list-item\">\r\n                        \r\n                \t\t\t<span class=\"sh-list-icon\">\r\n                                                                    <i class=\"fa fa-caret-right\"><\/i>\r\n                                                \t\t\t<\/span>\r\n                \t\t\t<span class=\"sh-list-content\">\r\n                                ...                            <\/span>\r\n\r\n                                    \t\t<\/li>\r\n            \t            <\/ul>\r\n\r\n        \r\n            \r\n            <div class=\"sh-empty-space vc_empty_space sh-empty-space-QIXx3NyR1K  \" style=\"height: 25px\">\r\n                <span class=\"vc_empty_space_inner\"><\/span>\r\n            <\/div>\r\n\r\n        [\/vc_column][\/vc_row][vc_row overflow=&#8221;default&#8221;][vc_column overflow=&#8221;default&#8221;][vc_separator][vc_custom_heading text=&#8221;Auswahl vergangener Themen&#8221; google_fonts=&#8221;font_family:Montserrat%3Aregular%2C700|font_style:400%20regular%3A400%3Anormal&#8221; css=&#8221;&#8221;][vc_custom_heading text=&#8221;Masterarbeiten&#8221; font_container=&#8221;tag:h3|text_align:left&#8221; google_fonts=&#8221;font_family:Montserrat%3Aregular%2C700|font_style:400%20regular%3A400%3Anormal&#8221; css=&#8221;.vc_custom_1644941924597{margin-top: 22px !important;}&#8221;]\r\n            \r\n            <ul class=\"sh-list sh-list-vc sh-list-style4\" id=\"list-P0mvNuHJnZ\">\r\n            \t            \t\t<li class=\"sh-list-item\">\r\n                        \r\n                \t\t\t<span class=\"sh-list-icon\">\r\n                                                                    <i class=\"fa fa-caret-right\"><\/i>\r\n                                                \t\t\t<\/span>\r\n                \t\t\t<span class=\"sh-list-content\">\r\n                                Entwicklung einer handbewegungsbasierten Steuerung f\u00fcr Mixed-Reality-Anwendungen                            <\/span>\r\n\r\n                                    \t\t<\/li>\r\n            \t            <\/ul>\r\n\r\n        \r\n            \r\n            <ul class=\"sh-list sh-list-vc sh-list-style4\" id=\"list-Pf2qFMNE5R\">\r\n            \t            \t\t<li class=\"sh-list-item\">\r\n                        \r\n                \t\t\t<span class=\"sh-list-icon\">\r\n                                                                    <i class=\"fa fa-caret-right\"><\/i>\r\n                                                \t\t\t<\/span>\r\n                \t\t\t<span class=\"sh-list-content\">\r\n                                Exploration von Einsatzpotentialen der Blockchain Technologien im eCommerce\/Handel                            <\/span>\r\n\r\n                                    \t\t<\/li>\r\n            \t            <\/ul>\r\n\r\n        \r\n            \r\n            <ul class=\"sh-list sh-list-vc sh-list-style4\" id=\"list-F14GTU50QS\">\r\n            \t            \t\t<li class=\"sh-list-item\">\r\n                        \r\n                \t\t\t<span class=\"sh-list-icon\">\r\n                                                                    <i class=\"fa fa-caret-right\"><\/i>\r\n                                                \t\t\t<\/span>\r\n                \t\t\t<span class=\"sh-list-content\">\r\n                                Geb\u00e4udegenerator f\u00fcr St\u00e4dte in Unity                            <\/span>\r\n\r\n                                    \t\t<\/li>\r\n            \t            <\/ul>\r\n\r\n        \r\n            \r\n            <ul class=\"sh-list sh-list-vc sh-list-style4\" id=\"list-64a5Zz01uD\">\r\n            \t            \t\t<li class=\"sh-list-item\">\r\n                        \r\n                \t\t\t<span class=\"sh-list-icon\">\r\n                                                                    <i class=\"fa fa-caret-right\"><\/i>\r\n                                                \t\t\t<\/span>\r\n                \t\t\t<span class=\"sh-list-content\">\r\n                                Konzeption und Entwicklung eines asynchronen Mehrspielerspiels mit Head-mounted-Display-VR und Smartphones                            <\/span>\r\n\r\n                                    \t\t<\/li>\r\n            \t            <\/ul>\r\n\r\n        \r\n            \r\n            <ul class=\"sh-list sh-list-vc sh-list-style4\" id=\"list-5GpRIXYV7x\">\r\n            \t            \t\t<li class=\"sh-list-item\">\r\n                        \r\n                \t\t\t<span class=\"sh-list-icon\">\r\n                                                                    <i class=\"fa fa-caret-right\"><\/i>\r\n                                                \t\t\t<\/span>\r\n                \t\t\t<span class=\"sh-list-content\">\r\n                                Benutzerzentrierte Entwicklung eines web-basierten Dienstes f\u00fcr die Verwaltung von Playlisten                            <\/span>\r\n\r\n                                    \t\t<\/li>\r\n            \t            <\/ul>\r\n\r\n        \r\n            \r\n            <ul class=\"sh-list sh-list-vc sh-list-style4\" id=\"list-ZmMpEjfbh5\">\r\n            \t            \t\t<li class=\"sh-list-item\">\r\n                        \r\n                \t\t\t<span class=\"sh-list-icon\">\r\n                                                                    <i class=\"fa fa-caret-right\"><\/i>\r\n                                                \t\t\t<\/span>\r\n                \t\t\t<span class=\"sh-list-content\">\r\n                                Protoypische Implementierung und Evaluation eines Learn-Coding-Games auf Basis des User-Centered-Design-Prozesses                            <\/span>\r\n\r\n                                    \t\t<\/li>\r\n            \t            <\/ul>\r\n\r\n        \r\n            \r\n            <div class=\"sh-empty-space vc_empty_space sh-empty-space-uXCPshcW5N  \" style=\"height: 25px\">\r\n                <span class=\"vc_empty_space_inner\"><\/span>\r\n            <\/div>\r\n\r\n        [vc_custom_heading text=&#8221;Bachelorarbeiten&#8221; font_container=&#8221;tag:h3|text_align:left&#8221; google_fonts=&#8221;font_family:Montserrat%3Aregular%2C700|font_style:400%20regular%3A400%3Anormal&#8221;]\r\n            \r\n            <ul class=\"sh-list sh-list-vc sh-list-style4\" id=\"list-WdOq61UPJ9\">\r\n            \t            \t\t<li class=\"sh-list-item\">\r\n                        \r\n                \t\t\t<span class=\"sh-list-icon\">\r\n                                                                    <i class=\"fa fa-caret-right\"><\/i>\r\n                                                \t\t\t<\/span>\r\n                \t\t\t<span class=\"sh-list-content\">\r\n                                Nutzung von Augmented Reality in Marketingstrategien                            <\/span>\r\n\r\n                                    \t\t<\/li>\r\n            \t            <\/ul>\r\n\r\n        \r\n            \r\n            <ul class=\"sh-list sh-list-vc sh-list-style4\" id=\"list-ivym0PXTxw\">\r\n            \t            \t\t<li class=\"sh-list-item\">\r\n                        \r\n                \t\t\t<span class=\"sh-list-icon\">\r\n                                                                    <i class=\"fa fa-caret-right\"><\/i>\r\n                                                \t\t\t<\/span>\r\n                \t\t\t<span class=\"sh-list-content\">\r\n                                Anreicherung von Lernprozessen durch Bild- und Spielelemente                            <\/span>\r\n\r\n                                    \t\t<\/li>\r\n            \t            <\/ul>\r\n\r\n        \r\n            \r\n            <ul class=\"sh-list sh-list-vc sh-list-style4\" id=\"list-jJ836fxMUQ\">\r\n            \t            \t\t<li class=\"sh-list-item\">\r\n                        \r\n                \t\t\t<span class=\"sh-list-icon\">\r\n                                                                    <i class=\"fa fa-caret-right\"><\/i>\r\n                                                \t\t\t<\/span>\r\n                \t\t\t<span class=\"sh-list-content\">\r\n                                Eine plattform\u00fcbergreifende Applikation f\u00fcr Alexa und Google Assist                            <\/span>\r\n\r\n                                    \t\t<\/li>\r\n            \t            <\/ul>\r\n\r\n        \r\n            \r\n            <ul class=\"sh-list sh-list-vc sh-list-style4\" id=\"list-lZcSRejPNf\">\r\n            \t            \t\t<li class=\"sh-list-item\">\r\n                        \r\n                \t\t\t<span class=\"sh-list-icon\">\r\n                                                                    <i class=\"fa fa-caret-right\"><\/i>\r\n                                                \t\t\t<\/span>\r\n                \t\t\t<span class=\"sh-list-content\">\r\n                                Entwicklung einer Quantified-Self-Applikation zur \u00f6kologischen Selbstanalyse                            <\/span>\r\n\r\n                                    \t\t<\/li>\r\n            \t            <\/ul>\r\n\r\n        \r\n            \r\n            <ul class=\"sh-list sh-list-vc sh-list-style4\" id=\"list-Q1gWLN0rEM\">\r\n            \t            \t\t<li class=\"sh-list-item\">\r\n                        \r\n                \t\t\t<span class=\"sh-list-icon\">\r\n                                                                    <i class=\"fa fa-caret-right\"><\/i>\r\n                                                \t\t\t<\/span>\r\n                \t\t\t<span class=\"sh-list-content\">\r\n                                Einsatzm\u00f6glichkeiten von Mixed Reality im Theater                            <\/span>\r\n\r\n                                    \t\t<\/li>\r\n            \t            <\/ul>\r\n\r\n        \r\n            \r\n            <ul class=\"sh-list sh-list-vc sh-list-style4\" id=\"list-NCuGhBYTZn\">\r\n            \t            \t\t<li class=\"sh-list-item\">\r\n                        \r\n                \t\t\t<span class=\"sh-list-icon\">\r\n                                                                    <i class=\"fa fa-caret-right\"><\/i>\r\n                                                \t\t\t<\/span>\r\n                \t\t\t<span class=\"sh-list-content\">\r\n                                Entwicklung einer ortsbasierten Augmented Reality Anwendung f\u00fcr Nachbarn und ihre Umgebung                            <\/span>\r\n\r\n                                    \t\t<\/li>\r\n            \t            <\/ul>\r\n\r\n        \r\n            \r\n            <ul class=\"sh-list sh-list-vc sh-list-style4\" id=\"list-eRogw7A19n\">\r\n            \t            \t\t<li class=\"sh-list-item\">\r\n                        \r\n                \t\t\t<span class=\"sh-list-icon\">\r\n                                                                    <i class=\"fa fa-caret-right\"><\/i>\r\n                                                \t\t\t<\/span>\r\n                \t\t\t<span class=\"sh-list-content\">\r\n                                AR- im Industrie 4.0 Umfeld                            <\/span>\r\n\r\n                                    \t\t<\/li>\r\n            \t            <\/ul>\r\n\r\n        \r\n            \r\n            <div class=\"sh-empty-space vc_empty_space sh-empty-space-puydK1PgL5  \" style=\"height: 25px\">\r\n                <span class=\"vc_empty_space_inner\"><\/span>\r\n            <\/div>\r\n\r\n        [\/vc_column][\/vc_row]<\/p>\n<\/div>","protected":false},"excerpt":{"rendered":"<p>[vc_row][vc_column][vc_custom_heading text=&#8221;Abschlussarbeiten&#8221; font_container=&#8221;tag:h1|font_size:26|text_align:left&#8221; google_fonts=&#8221;font_family:Montserrat%3Aregular%2C700|font_style:400%20regular%3A400%3Anormal&#8221;][vc_separator][\/vc_column][\/vc_row][vc_row][vc_column][vc_column_text css=&#8221;&#8221;] Abschlussarbeiten wurden und werden im Rahmen der Forschungsgruppe &#8220;Creative Media&#8221; betreut. Folgend ein \u00dcberblick \u00fcber m\u00f6gliche Themengebiete, die im Rahmen einer Zusammenarbeit mit der Forschungsgruppe bearbeitet werden k\u00f6nnen. [\/vc_column_text][\/vc_column][\/vc_row][vc_row overflow=&#8221;default&#8221;][vc_column overflow=&#8221;default&#8221;][vc_separator][vc_custom_heading text=&#8221;Auswahl vergangener Themen&#8221; google_fonts=&#8221;font_family:Montserrat%3Aregular%2C700|font_style:400%20regular%3A400%3Anormal&#8221; css=&#8221;&#8221;][vc_custom_heading text=&#8221;Masterarbeiten&#8221; font_container=&#8221;tag:h3|text_align:left&#8221; google_fonts=&#8221;font_family:Montserrat%3Aregular%2C700|font_style:400%20regular%3A400%3Anormal&#8221; css=&#8221;.vc_custom_1644941924597{margin-top: 22px !important;}&#8221;][vc_custom_heading text=&#8221;Bachelorarbeiten&#8221; font_container=&#8221;tag:h3|text_align:left&#8221; google_fonts=&#8221;font_family:Montserrat%3Aregular%2C700|font_style:400%20regular%3A400%3Anormal&#8221;][\/vc_column][\/vc_row]<\/p>\n","protected":false},"author":1,"featured_media":0,"parent":0,"menu_order":0,"comment_status":"closed","ping_status":"closed","template":"","meta":{"_acf_changed":false,"footnotes":""},"class_list":["post-153","page","type-page","status-publish","hentry"],"acf":{"datetext":"","verstecktes_datum":null,"sichtbares_datum":"Am 01.01.2022 um 16 bis 18 Uhr","teasertext":"Lorem ipsum dolar pate..."},"_links":{"self":[{"href":"https:\/\/fki.htw-berlin.de\/creative-media\/wp-json\/wp\/v2\/pages\/153","targetHints":{"allow":["GET"]}}],"collection":[{"href":"https:\/\/fki.htw-berlin.de\/creative-media\/wp-json\/wp\/v2\/pages"}],"about":[{"href":"https:\/\/fki.htw-berlin.de\/creative-media\/wp-json\/wp\/v2\/types\/page"}],"author":[{"embeddable":true,"href":"https:\/\/fki.htw-berlin.de\/creative-media\/wp-json\/wp\/v2\/users\/1"}],"replies":[{"embeddable":true,"href":"https:\/\/fki.htw-berlin.de\/creative-media\/wp-json\/wp\/v2\/comments?post=153"}],"version-history":[{"count":33,"href":"https:\/\/fki.htw-berlin.de\/creative-media\/wp-json\/wp\/v2\/pages\/153\/revisions"}],"predecessor-version":[{"id":4084,"href":"https:\/\/fki.htw-berlin.de\/creative-media\/wp-json\/wp\/v2\/pages\/153\/revisions\/4084"}],"wp:attachment":[{"href":"https:\/\/fki.htw-berlin.de\/creative-media\/wp-json\/wp\/v2\/media?parent=153"}],"curies":[{"name":"wp","href":"https:\/\/api.w.org\/{rel}","templated":true}]}}