{"id":129,"date":"2022-02-02T10:10:25","date_gmt":"2022-02-02T09:10:25","guid":{"rendered":"https:\/\/fki.htw-berlin.de\/creative-media\/?page_id=129"},"modified":"2026-03-03T17:36:25","modified_gmt":"2026-03-03T16:36:25","slug":"startseite","status":"publish","type":"page","link":"https:\/\/fki.htw-berlin.de\/creative-media\/","title":{"rendered":"Startseite"},"content":{"rendered":"<div class=\"wpb-content-wrapper\"><p>[vc_row][vc_column]\r\n            \r\n            <div class=\"sh-empty-space vc_empty_space sh-empty-space-gJR0FoIWLt  \" style=\"height: 64px\">\r\n                <span class=\"vc_empty_space_inner\"><\/span>\r\n            <\/div>\r\n\r\n        [vc_custom_heading text=&#8221;Herzlich Willkommen bei Creative Media&#8221; font_container=&#8221;tag:h2|font_size:26|text_align:left&#8221; google_fonts=&#8221;font_family:Montserrat%3Aregular%2C700|font_style:400%20regular%3A400%3Anormal&#8221;][vc_separator][vc_column_text]<\/p>\n<p style=\"text-align: justify\">Die zum Forschungs- und Weiterbildungszentrum Kultur und Informatik (FKI) der HTW Berlin geh\u00f6rige Forschungsgruppe\u00a0<em>Creative Media<\/em>\u00a0\u2013 <em>Forschung und Entwicklung<\/em> bewegt sich mit ihren T\u00e4tigkeiten in dem breiten Spannungsfeld zwischen interaktiven Medien, Lernkulturen, Marken und innovativen Technologien.<\/p>\n<p>[\/vc_column_text][vc_single_image image=&#8221;1331&#8243; img_size=&#8221;670&#215;530&#8243; alignment=&#8221;center&#8221; css_animation=&#8221;appear&#8221;][vc_column_text]<\/p>\n<p style=\"text-align: justify\">Das Team untersucht unter der F\u00fchrung von Prof. Dr.-Ing.<a href=\"https:\/\/fki.htw-berlin.de\/creative-media\/project\/carsten-busch\/\">\u00a0Carsten Busch\u00a0<\/a>(<a href=\"https:\/\/www.htw-berlin.de\/hochschule\/personen\/person\/?typo3state=persons&amp;lsfid=3030&amp;lang=en\">HTW Berlin<\/a>) und Prof. Dr. <a href=\"https:\/\/fki.htw-berlin.de\/creative-media\/project\/regina-friess\/\">Regina Frie\u00df<\/a> (<a href=\"https:\/\/www.htw-berlin.de\/hochschule\/personen\/person\/?eid=12381\">HTW Berlin<\/a>) interaktive Medientechnologien und -konzepte auf ihre Einsatzf\u00e4higkeit in kulturellen und \u00f6konomischen Kontexten sowie ihre Anwendbarkeit innerhalb kreativer Prozesse.<\/p>\n<p style=\"text-align: justify\">Besonderes Augenmerk liegt auf der Analyse, Konzeption und Entwicklung von spielerischen\u00a0und interaktiven Anwendungen f\u00fcr Desktop-Systeme, mobile Ger\u00e4te und individuelle Installationen.<\/p>\n<p style=\"text-align: justify\">Gro\u00dfe Bedeutung haben dabei die Anreicherung interaktiver Applikationen mit spielerischen Elementen (Gamification) und Spieletechnologien (APITs), das Lernen mit Hilfe von Spielen (Game-based Learning) und das Spielen im \u00f6ffentlichen Raum (Public Gaming). Diese Methoden werden durch die Einbindung moderner Ein- &amp; Ausgabetechnologien sowie durch innovative Bedienkonzepte erg\u00e4nzt.<\/p>\n<p>[\/vc_column_text][\/vc_column][\/vc_row][vc_row][vc_column][vc_custom_heading text=&#8221;Ausgew\u00e4hlte Projekte&#8221; font_container=&#8221;tag:h2|font_size:26|text_align:left&#8221; google_fonts=&#8221;font_family:Montserrat%3Aregular%2C700|font_style:400%20regular%3A400%3Anormal&#8221;][vc_separator][vc_column_text css=&#8221;&#8221;]Hier finden Sie ausgew\u00e4hlte Projekte. Eine vollst\u00e4ndige \u00dcbersicht finden Sie auf der Projekt-Seite der Forschungsgruppe &#8220;Creative Media&#8221;.[\/vc_column_text][\/vc_column][\/vc_row][vc_row][vc_column]\r\n\r\n\r\n\r\n<div id=\"partners-OwUj7RyhLz\" class=\"sh-partners-carousel sh-partners-carousel-additional-padding\" data-autoplay=\"5000\" data-id=\"3\">\r\n\t\t\t\t\t\t<div class=\"sh-partners-carousel-item sh-partners-carousel-item-link\">\r\n\t\t\t\t<div class=\"sh-partners-carousel-item-content\">\r\n\t\t\t\t\t\t\t\t\t\t\t<a href=\"https:\/\/fki.htw-berlin.de\/creative-media\/project\/colearnmedia\/\" target=\"_blank\">\r\n\t\t\t\t\t\r\n\t\t\t\t\t<img decoding=\"async\" src=\"https:\/\/fki.htw-berlin.de\/creative-media\/wp-content\/uploads\/sites\/2\/2022\/02\/19--1024x562.png\" alt=\"cOLeARN\" \/>\r\n\r\n\t\t\t\t\t\t\t\t\t\t\t<\/a>\r\n\t\t\t\t\t\t\t\t\t<\/div>\r\n\t\t\t<\/div>\r\n\t\t\t\t\t<div class=\"sh-partners-carousel-item sh-partners-carousel-item-link\">\r\n\t\t\t\t<div class=\"sh-partners-carousel-item-content\">\r\n\t\t\t\t\t\t\t\t\t\t\t<a href=\"https:\/\/fki.htw-berlin.de\/creative-media\/project\/wir-buendnis-mixed-reality-for-business-mixed-reality-anwendungen-und-kuenstliche-intelligenz-fuer-den-mittelstand-in-berlin-und-berliner-umland-mr4b\/\" target=\"_blank\">\r\n\t\t\t\t\t\r\n\t\t\t\t\t<img decoding=\"async\" src=\"https:\/\/fki.htw-berlin.de\/creative-media\/wp-content\/uploads\/sites\/2\/2022\/02\/60--1024x278.png\" alt=\"MR4B\" \/>\r\n\r\n\t\t\t\t\t\t\t\t\t\t\t<\/a>\r\n\t\t\t\t\t\t\t\t\t<\/div>\r\n\t\t\t<\/div>\r\n\t\t\t\t\t<div class=\"sh-partners-carousel-item sh-partners-carousel-item-link\">\r\n\t\t\t\t<div class=\"sh-partners-carousel-item-content\">\r\n\t\t\t\t\t\t\t\t\t\t\t<a href=\"https:\/\/fki.htw-berlin.de\/creative-media\/project\/capits\/\" target=\"_blank\">\r\n\t\t\t\t\t\r\n\t\t\t\t\t<img decoding=\"async\" src=\"https:\/\/fki.htw-berlin.de\/creative-media\/wp-content\/uploads\/sites\/2\/2022\/02\/Bilder-EFRE-Anwendungszentrum-cAPITs_001.jpg\" alt=\"Captis\" \/>\r\n\r\n\t\t\t\t\t\t\t\t\t\t\t<\/a>\r\n\t\t\t\t\t\t\t\t\t<\/div>\r\n\t\t\t<\/div>\r\n\t\t\t<\/div>\r\n            <style type=\"text\/css\">\r\n                #partners-OwUj7RyhLz a img:hover {opacity: 0.75!important;}#partners-OwUj7RyhLz .sh-partners-item {width: 33%;}@media (max-width: 850px) {#partners-OwUj7RyhLz .sh-partners-item {width: 50%;}}#partners-OwUj7RyhLz .slick-slide:not(:last-child) {border-right: 1px solid rgba(0,0,0,0.08);}            <\/style>\r\n        \r\n            \r\n            <div class=\"sh-empty-space vc_empty_space sh-empty-space-3RIlW46zoP  \" style=\"height: 18px\">\r\n                <span class=\"vc_empty_space_inner\"><\/span>\r\n            <\/div>\r\n\r\n        \r\n\r\n\r\n\r\n<div id=\"partners-WCi3Rfmo7s\" class=\"sh-partners-carousel sh-partners-carousel-additional-padding\" data-autoplay=\"5000\" data-id=\"3\">\r\n\t\t\t\t\t\t<div class=\"sh-partners-carousel-item sh-partners-carousel-item-link\">\r\n\t\t\t\t<div class=\"sh-partners-carousel-item-content\">\r\n\t\t\t\t\t\t\t\t\t\t\t<a href=\"https:\/\/fki.htw-berlin.de\/creative-media\/project\/mixed-reality-fokussierte-und-adaptive-interventionen-zur-realistischen-multisensorischen-aus-und-weiterbildung-an-charakteristischen-instanzen-von-schulungen-und-trainings-der-feuerwehr-der-zukunft\/\" target=\"_blank\">\r\n\t\t\t\t\t\r\n\t\t\t\t\t<img decoding=\"async\" src=\"https:\/\/fki.htw-berlin.de\/creative-media\/wp-content\/uploads\/sites\/2\/2026\/03\/csm_MRFire_Loeschpumpe_Kachel__c__Alexander_Kramer__HTW_Berlin_65a2b95503-1.jpg\" alt=\"MRFireMACHINIST\" \/>\r\n\r\n\t\t\t\t\t\t\t\t\t\t\t<\/a>\r\n\t\t\t\t\t\t\t\t\t<\/div>\r\n\t\t\t<\/div>\r\n\t\t\t\t\t<div class=\"sh-partners-carousel-item sh-partners-carousel-item-link\">\r\n\t\t\t\t<div class=\"sh-partners-carousel-item-content\">\r\n\t\t\t\t\t\t\t\t\t\t\t<a href=\"https:\/\/fki.htw-berlin.de\/creative-media\/project\/german-international-university-2024-2026-giu-2024-2026\/\" target=\"_blank\">\r\n\t\t\t\t\t\r\n\t\t\t\t\t<img decoding=\"async\" src=\"https:\/\/fki.htw-berlin.de\/creative-media\/wp-content\/uploads\/sites\/2\/2026\/02\/csm_20230503_172140GIU_757c5a54c6-1024x497.jpg\" alt=\"GIU 2024-2026\" \/>\r\n\r\n\t\t\t\t\t\t\t\t\t\t\t<\/a>\r\n\t\t\t\t\t\t\t\t\t<\/div>\r\n\t\t\t<\/div>\r\n\t\t\t\t\t<div class=\"sh-partners-carousel-item sh-partners-carousel-item-link\">\r\n\t\t\t\t<div class=\"sh-partners-carousel-item-content\">\r\n\t\t\t\t\t\t\t\t\t\t\t<a href=\"https:\/\/fki.htw-berlin.de\/creative-media\/project\/prowear-cochlea\/\" target=\"_blank\">\r\n\t\t\t\t\t\r\n\t\t\t\t\t<img decoding=\"async\" src=\"https:\/\/fki.htw-berlin.de\/creative-media\/wp-content\/uploads\/sites\/2\/2022\/03\/csm_ProWearCochlea_Florian-Gnadlinger-und-Josef-Heitzler-_c_-Josef-Heitzler_cc011f748f.jpg\" alt=\"Cochlea\" \/>\r\n\r\n\t\t\t\t\t\t\t\t\t\t\t<\/a>\r\n\t\t\t\t\t\t\t\t\t<\/div>\r\n\t\t\t<\/div>\r\n\t\t\t<\/div>\r\n            <style type=\"text\/css\">\r\n                #partners-WCi3Rfmo7s a img:hover {opacity: 0.75!important;}#partners-WCi3Rfmo7s .sh-partners-item {width: 33%;}@media (max-width: 850px) {#partners-WCi3Rfmo7s .sh-partners-item {width: 50%;}}#partners-WCi3Rfmo7s .slick-slide:not(:last-child) {border-right: 1px solid rgba(0,0,0,0.08);}            <\/style>\r\n        \r\n            \r\n            <div class=\"sh-empty-space vc_empty_space sh-empty-space-hwGH0c5jpS  \" style=\"height: 128px\">\r\n                <span class=\"vc_empty_space_inner\"><\/span>\r\n            <\/div>\r\n\r\n        [\/vc_column][\/vc_row]<\/p>\n<\/div>","protected":false},"excerpt":{"rendered":"<p>[vc_row][vc_column][vc_custom_heading text=&#8221;Herzlich Willkommen bei Creative Media&#8221; font_container=&#8221;tag:h2|font_size:26|text_align:left&#8221; google_fonts=&#8221;font_family:Montserrat%3Aregular%2C700|font_style:400%20regular%3A400%3Anormal&#8221;][vc_separator][vc_column_text] Die zum Forschungs- und Weiterbildungszentrum Kultur und Informatik (FKI) der HTW Berlin geh\u00f6rige Forschungsgruppe\u00a0Creative Media\u00a0\u2013 Forschung und Entwicklung bewegt sich mit ihren T\u00e4tigkeiten in dem breiten Spannungsfeld zwischen interaktiven Medien, Lernkulturen, Marken und innovativen Technologien. [\/vc_column_text][vc_single_image image=&#8221;1331&#8243; img_size=&#8221;670&#215;530&#8243; alignment=&#8221;center&#8221; css_animation=&#8221;appear&#8221;][vc_column_text] Das Team&#8230;<\/p>\n","protected":false},"author":1,"featured_media":0,"parent":0,"menu_order":0,"comment_status":"closed","ping_status":"closed","template":"","meta":{"_acf_changed":false,"footnotes":""},"class_list":["post-129","page","type-page","status-publish","hentry"],"acf":{"datetext":"","verstecktes_datum":null,"sichtbares_datum":"Am 01.01.2022 um 16 bis 18 Uhr","teasertext":"Lorem ipsum dolar pate..."},"_links":{"self":[{"href":"https:\/\/fki.htw-berlin.de\/creative-media\/wp-json\/wp\/v2\/pages\/129","targetHints":{"allow":["GET"]}}],"collection":[{"href":"https:\/\/fki.htw-berlin.de\/creative-media\/wp-json\/wp\/v2\/pages"}],"about":[{"href":"https:\/\/fki.htw-berlin.de\/creative-media\/wp-json\/wp\/v2\/types\/page"}],"author":[{"embeddable":true,"href":"https:\/\/fki.htw-berlin.de\/creative-media\/wp-json\/wp\/v2\/users\/1"}],"replies":[{"embeddable":true,"href":"https:\/\/fki.htw-berlin.de\/creative-media\/wp-json\/wp\/v2\/comments?post=129"}],"version-history":[{"count":25,"href":"https:\/\/fki.htw-berlin.de\/creative-media\/wp-json\/wp\/v2\/pages\/129\/revisions"}],"predecessor-version":[{"id":4307,"href":"https:\/\/fki.htw-berlin.de\/creative-media\/wp-json\/wp\/v2\/pages\/129\/revisions\/4307"}],"wp:attachment":[{"href":"https:\/\/fki.htw-berlin.de\/creative-media\/wp-json\/wp\/v2\/media?parent=129"}],"curies":[{"name":"wp","href":"https:\/\/api.w.org\/{rel}","templated":true}]}}