{"id":91,"date":"2022-05-23T11:57:04","date_gmt":"2022-05-23T09:57:04","guid":{"rendered":"https:\/\/fki.htw-berlin.de\/?page_id=91"},"modified":"2022-07-14T16:29:59","modified_gmt":"2022-07-14T14:29:59","slug":"impressum","status":"publish","type":"page","link":"https:\/\/fki.htw-berlin.de\/centis\/impressum\/","title":{"rendered":"Impressum"},"content":{"rendered":"<div class=\"wpb-content-wrapper\"><p>[vc_row overflow=&#8221;default&#8221; css=&#8221;.vc_custom_1657808989463{padding-top: 100px !important;padding-bottom: 100px !important;}&#8221;][vc_column][vc_custom_heading text=&#8221;Impressum&#8221; font_container=&#8221;tag:h1|font_size:26|text_align:left&#8221; google_fonts=&#8221;font_family:Montserrat%3Aregular%2C700|font_style:400%20regular%3A400%3Anormal&#8221;][vc_separator][vc_column_text]<\/p>\n<div id=\"imprint_container\">\n<h2>Herausgeber<\/h2>\n<p>Hochschule f\u00fcr Technik und Wirtschaft Berlin<br \/>\nProf. Dr. Carsten Busch<br \/>\nTreskowallee 8<br \/>\n10318 Berlin<\/p>\n<p>Telefon: +49 30 5019-2800<br \/>\nE-Mail: <a href=\"mailto:Carsten.Busch@htw-berlin.de\">Carsten.Busch@htw-berlin.de<\/a><\/p>\n<hr \/>\n<h2>Haftungsausschluss<\/h2>\n<h3>Inhalt des Onlineangebots<\/h3>\n<p>Die Herausgeber \u00fcbernehmen keinerlei Gew\u00e4hrleistung f\u00fcr die Aktualit\u00e4t, Korrektheit, Vollst\u00e4ndigkeit oder Qualit\u00e4t der bereitgestellten Informationen. Haftungsanspr\u00fcche gegen die Herausgeber, welche sich auf Sch\u00e4den materieller oder ideeller Art beziehen, die durch die Nutzung oder Nichtnutzung der dargebotenen Informationen bzw. durch die Nutzung fehlerhafter und unvollst\u00e4ndiger Informationen verursacht wurden, sind grunds\u00e4tzlich ausgeschlossen.<br \/>\nDie Herausgeber behalten es sich ausdr\u00fccklich vor, Teile der Seiten oder das gesamte Angebot ohne gesonderte Ank\u00fcndigung zu ver\u00e4ndern, zu erg\u00e4nzen, zu l\u00f6schen oder die Ver\u00f6ffentlichung zeitweise oder endg\u00fcltig einzustellen.<\/p>\n<h3><\/h3>\n<h3>Verweise und Links<\/h3>\n<p>Die Herausgeber erkl\u00e4ren hiermit ausdr\u00fccklich, dass bei direkten oder indirekten Verweisen auf fremde Webseiten (\u201cHyperlinks\u201d), die au\u00dferhalb des Verantwortungsbereiches der Hochschule liegen, zum Zeitpunkt der Linksetzung keine illegalen Inhalte erkennbar waren.<br \/>\nSie distanzieren sich gleichzeitig von den Inhalten aller gelinkten und verkn\u00fcpften Seiten, die nach der Linksetzung ver\u00e4ndert wurden. Diese Feststellung gilt f\u00fcr alle innerhalb des eigenen Internetangebotes gesetzten Links und Verweise. F\u00fcr illegale, fehlerhafte oder unvollst\u00e4ndige Inhalte und insbesondere f\u00fcr Sch\u00e4den, die aus der Nutzung oder Nichtnutzung solcherart dargebotener Informationen entstehen, haftet allein der Anbieter der Seite, auf welche verwiesen wurde, nicht diejenige, der \u00fcber Links auf die jeweilige Ver\u00f6ffentlichung lediglich verweist.<\/p>\n<h3><\/h3>\n<h3>Rechtswirksamkeit dieses Haftungsausschlusses<\/h3>\n<p>Dieser Haftungsausschluss ist als Teil des Internetangebotes zu betrachten, von dem aus auf diese Seite verwiesen wurde. Sofern Teile oder einzelne Formulierungen dieses Textes der geltenden Rechtslage nicht, nicht mehr oder nicht vollst\u00e4ndig entsprechen sollten, bleiben die \u00fcbrigen Teile des Dokumentes in ihrem Inhalt und ihrer G\u00fcltigkeit davon unber\u00fchrt.<\/p>\n<h2><\/h2>\n<h2><strong>Copyright<\/strong><\/h2>\n<p>Alle Rechte am Inhalt dieses Informationsangebotes liegen bei den Herausgebern. Die Verwendung der hier ver\u00f6ffentlichten Informationen f\u00fcr externe Zwecke bed\u00fcrfen einer Genehmigung.<\/p>\n<h2><\/h2>\n<h2><strong>Datenschutz<\/strong><\/h2>\n<p>Alle vom Herausgeber in verschiedenen Formularen abgefragten Daten werden zu rein dienstlich-technischen Zwecken verwendet. Eine Weitergabe von pers\u00f6nlichen Informationen an Dritte findet nicht statt. Die gespeicherten Daten werden ausschlie\u00dflich zu technischen, statistischen oder dienstlichen Zwecken ben\u00f6tigt; ein Abgleich mit anderen Datenbest\u00e4nden oder gar eine Weitergabe an Dritte, auch in Ausz\u00fcgen, findet nicht statt.<\/p><\/div>\n<p>[\/vc_column_text][\/vc_column][\/vc_row]<\/p>\n<\/div>","protected":false},"excerpt":{"rendered":"<p>[vc_row overflow=&#8221;default&#8221; css=&#8221;.vc_custom_1657808989463{padding-top: 100px !important;padding-bottom: 100px !important;}&#8221;][vc_column][vc_custom_heading text=&#8221;Impressum&#8221; font_container=&#8221;tag:h1|font_size:26|text_align:left&#8221; google_fonts=&#8221;font_family:Montserrat%3Aregular%2C700|font_style:400%20regular%3A400%3Anormal&#8221;][vc_separator][vc_column_text] Herausgeber Hochschule f\u00fcr Technik und Wirtschaft Berlin Prof. Dr. Carsten Busch Treskowallee 8 10318 Berlin Telefon: +49 30 5019-2800 E-Mail: Carsten.Busch@htw-berlin.de Haftungsausschluss Inhalt des Onlineangebots Die Herausgeber \u00fcbernehmen keinerlei Gew\u00e4hrleistung f\u00fcr die Aktualit\u00e4t, Korrektheit, Vollst\u00e4ndigkeit oder Qualit\u00e4t der bereitgestellten Informationen&#8230;.<\/p>\n","protected":false},"author":10,"featured_media":0,"parent":0,"menu_order":0,"comment_status":"closed","ping_status":"closed","template":"","meta":{"_acf_changed":false,"footnotes":""},"class_list":["post-91","page","type-page","status-publish","hentry"],"acf":[],"_links":{"self":[{"href":"https:\/\/fki.htw-berlin.de\/centis\/wp-json\/wp\/v2\/pages\/91","targetHints":{"allow":["GET"]}}],"collection":[{"href":"https:\/\/fki.htw-berlin.de\/centis\/wp-json\/wp\/v2\/pages"}],"about":[{"href":"https:\/\/fki.htw-berlin.de\/centis\/wp-json\/wp\/v2\/types\/page"}],"author":[{"embeddable":true,"href":"https:\/\/fki.htw-berlin.de\/centis\/wp-json\/wp\/v2\/users\/10"}],"replies":[{"embeddable":true,"href":"https:\/\/fki.htw-berlin.de\/centis\/wp-json\/wp\/v2\/comments?post=91"}],"version-history":[{"count":1,"href":"https:\/\/fki.htw-berlin.de\/centis\/wp-json\/wp\/v2\/pages\/91\/revisions"}],"predecessor-version":[{"id":505,"href":"https:\/\/fki.htw-berlin.de\/centis\/wp-json\/wp\/v2\/pages\/91\/revisions\/505"}],"wp:attachment":[{"href":"https:\/\/fki.htw-berlin.de\/centis\/wp-json\/wp\/v2\/media?parent=91"}],"curies":[{"name":"wp","href":"https:\/\/api.w.org\/{rel}","templated":true}]}}