{"id":327,"date":"2022-07-14T11:16:48","date_gmt":"2022-07-14T09:16:48","guid":{"rendered":"https:\/\/fki.htw-berlin.de\/centis\/?page_id=327"},"modified":"2022-07-14T17:41:29","modified_gmt":"2022-07-14T15:41:29","slug":"abschlussarbeiten","status":"publish","type":"page","link":"https:\/\/fki.htw-berlin.de\/centis\/abschlussarbeiten\/","title":{"rendered":"Abschlussarbeiten"},"content":{"rendered":"<div class=\"wpb-content-wrapper\"><p>[vc_row overflow=&#8221;default&#8221; css=&#8221;.vc_custom_1657813286239{padding-top: 50px !important;padding-bottom: 0px !important;}&#8221;][vc_column][vc_custom_heading text=&#8221;Themen f\u00fcr Abschussarbeiten&#8221; google_fonts=&#8221;font_family:Montserrat%3Aregular%2C700|font_style:400%20regular%3A400%3Anormal&#8221;][vc_separator][vc_column_text]Informieren Sie sich bitte \u00fcber folgende Links zu m\u00f6glichen Themen:<\/p>\n<p class=\"page-title\"><a href=\"https:\/\/www.htw-berlin.de\/hochschule\/personen\/person\/?eid=4743\">Prof. Dr.-Ing. Johann Habakuk Israel<\/a><\/p>\n<p class=\"page-title\"><a href=\"https:\/\/www.htw-berlin.de\/hochschule\/personen\/person\/?eid=452\">Prof. Dr.-Ing. Thomas Jung<\/a><\/p>\n<p>F\u00fcr Fragen oder eigene Ideen melden Sie sich gerne per Mail.[\/vc_column_text][\/vc_column][\/vc_row][vc_row overflow=&#8221;default&#8221; css=&#8221;.vc_custom_1657807582853{padding-bottom: 100px !important;}&#8221;][vc_column][vc_custom_heading text=&#8221;\u00dcbersicht&#8221; google_fonts=&#8221;font_family:Montserrat%3Aregular%2C700|font_style:400%20regular%3A400%3Anormal&#8221;][vc_column_text]&#8230;[\/vc_column_text][\/vc_column][\/vc_row]<\/p>\n<\/div>","protected":false},"excerpt":{"rendered":"<p>[vc_row overflow=&#8221;default&#8221; css=&#8221;.vc_custom_1657813286239{padding-top: 50px !important;padding-bottom: 0px !important;}&#8221;][vc_column][vc_custom_heading text=&#8221;Themen f\u00fcr Abschussarbeiten&#8221; google_fonts=&#8221;font_family:Montserrat%3Aregular%2C700|font_style:400%20regular%3A400%3Anormal&#8221;][vc_separator][vc_column_text]Informieren Sie sich bitte \u00fcber folgende Links zu m\u00f6glichen Themen: Prof. Dr.-Ing. Johann Habakuk Israel Prof. Dr.-Ing. Thomas Jung F\u00fcr Fragen oder eigene Ideen melden Sie sich gerne per Mail.[\/vc_column_text][\/vc_column][\/vc_row][vc_row overflow=&#8221;default&#8221; css=&#8221;.vc_custom_1657807582853{padding-bottom: 100px !important;}&#8221;][vc_column][vc_custom_heading text=&#8221;\u00dcbersicht&#8221; google_fonts=&#8221;font_family:Montserrat%3Aregular%2C700|font_style:400%20regular%3A400%3Anormal&#8221;][vc_column_text]&#8230;[\/vc_column_text][\/vc_column][\/vc_row]<\/p>\n","protected":false},"author":10,"featured_media":0,"parent":0,"menu_order":0,"comment_status":"closed","ping_status":"closed","template":"","meta":{"_acf_changed":false,"footnotes":""},"class_list":["post-327","page","type-page","status-publish","hentry"],"acf":[],"_links":{"self":[{"href":"https:\/\/fki.htw-berlin.de\/centis\/wp-json\/wp\/v2\/pages\/327","targetHints":{"allow":["GET"]}}],"collection":[{"href":"https:\/\/fki.htw-berlin.de\/centis\/wp-json\/wp\/v2\/pages"}],"about":[{"href":"https:\/\/fki.htw-berlin.de\/centis\/wp-json\/wp\/v2\/types\/page"}],"author":[{"embeddable":true,"href":"https:\/\/fki.htw-berlin.de\/centis\/wp-json\/wp\/v2\/users\/10"}],"replies":[{"embeddable":true,"href":"https:\/\/fki.htw-berlin.de\/centis\/wp-json\/wp\/v2\/comments?post=327"}],"version-history":[{"count":8,"href":"https:\/\/fki.htw-berlin.de\/centis\/wp-json\/wp\/v2\/pages\/327\/revisions"}],"predecessor-version":[{"id":516,"href":"https:\/\/fki.htw-berlin.de\/centis\/wp-json\/wp\/v2\/pages\/327\/revisions\/516"}],"wp:attachment":[{"href":"https:\/\/fki.htw-berlin.de\/centis\/wp-json\/wp\/v2\/media?parent=327"}],"curies":[{"name":"wp","href":"https:\/\/api.w.org\/{rel}","templated":true}]}}