{"id":287,"date":"2022-02-17T08:28:30","date_gmt":"2022-02-17T07:28:30","guid":{"rendered":"https:\/\/fki.htw-berlin.de\/?page_id=15"},"modified":"2022-07-14T17:41:58","modified_gmt":"2022-07-14T15:41:58","slug":"anfahrt","status":"publish","type":"page","link":"https:\/\/fki.htw-berlin.de\/centis\/anfahrt\/","title":{"rendered":"Anfahrt"},"content":{"rendered":"<div class=\"wpb-content-wrapper\"><p>[vc_row overflow=&#8221;default&#8221; css=&#8221;.vc_custom_1657813314709{padding-top: 50px !important;padding-bottom: 100px !important;}&#8221; padding_tablet=&#8221;50px 0px 0px 0px&#8221;][vc_column][vc_custom_heading text=&#8221;Anfahrt zum FKI&#8221; google_fonts=&#8221;font_family:Montserrat%3Aregular%2C700|font_style:400%20regular%3A400%3Anormal&#8221;][vc_separator][vc_custom_heading text=&#8221;Besucheranschrift:&#8221; font_container=&#8221;tag:h2|font_size:20|text_align:left&#8221; google_fonts=&#8221;font_family:Montserrat%3Aregular%2C700|font_style:400%20regular%3A400%3Anormal&#8221;][vc_column_text]HTW Berlin \u2013 FKI (Geb\u00e4ude H)<br \/>\nForschungs- &amp; Weiterbildungszentrum f\u00fcr Kultur und Informatik<br \/>\nErnst-Ziesel-Stra\u00dfe<br \/>\n12459 Berlin[\/vc_column_text]\r\n            \r\n            <ul class=\"sh-list sh-list-vc sh-list-style4\" id=\"list-qXtZY1Rx9c\">\r\n            \t            \t\t<li class=\"sh-list-item\">\r\n                                                    <a href=\"https:\/\/fki.htw-berlin.de\/creative-media\/wp-content\/uploads\/sites\/2\/2022\/01\/Anfahrtsplan_DE.pdf\" title=&quot;Anfahrtsplan_als_PDF_downloaden&quot; target=&quot;_blank&quot;>\r\n                        \r\n                \t\t\t<span class=\"sh-list-icon\">\r\n                                                                    <i class=\"icon-arrow-down-circle\"><\/i>\r\n                                                \t\t\t<\/span>\r\n                \t\t\t<span class=\"sh-list-content\">\r\n                                Anfahrtsplan als PDF                            <\/span>\r\n\r\n                                                    <\/a>\r\n                                    \t\t<\/li>\r\n            \t            <\/ul>\r\n\r\n        \r\n            \r\n            <ul class=\"sh-list sh-list-vc sh-list-style4\" id=\"list-ULizhdWCo0\">\r\n            \t            \t\t<li class=\"sh-list-item\">\r\n                                                    <a href=\"https:\/\/fki.htw-berlin.de\/creative-media\/wp-content\/uploads\/sites\/2\/2022\/01\/Anfahrtsplan_EN.pdf\" title=&quot;Download_map_as_PDF&quot; target=&quot;_blank&quot;>\r\n                        \r\n                \t\t\t<span class=\"sh-list-icon\">\r\n                                                                    <i class=\"icon-arrow-down-circle\"><\/i>\r\n                                                \t\t\t<\/span>\r\n                \t\t\t<span class=\"sh-list-content\">\r\n                                Download map as PDF                            <\/span>\r\n\r\n                                                    <\/a>\r\n                                    \t\t<\/li>\r\n            \t            <\/ul>\r\n\r\n        \r\n            \r\n            <div class=\"sh-empty-space vc_empty_space sh-empty-space-NAnVdQzB7b  \" style=\"height: 40px\">\r\n                <span class=\"vc_empty_space_inner\"><\/span>\r\n            <\/div>\r\n\r\n        [vc_single_image image=&#8221;26&#8243; img_size=&#8221;full&#8221;][\/vc_column][\/vc_row]<\/p>\n<\/div>","protected":false},"excerpt":{"rendered":"<p>[vc_row overflow=&#8221;default&#8221; css=&#8221;.vc_custom_1657813314709{padding-top: 50px !important;padding-bottom: 100px !important;}&#8221; padding_tablet=&#8221;50px 0px 0px 0px&#8221;][vc_column][vc_custom_heading text=&#8221;Anfahrt zum FKI&#8221; google_fonts=&#8221;font_family:Montserrat%3Aregular%2C700|font_style:400%20regular%3A400%3Anormal&#8221;][vc_separator][vc_custom_heading text=&#8221;Besucheranschrift:&#8221; font_container=&#8221;tag:h2|font_size:20|text_align:left&#8221; google_fonts=&#8221;font_family:Montserrat%3Aregular%2C700|font_style:400%20regular%3A400%3Anormal&#8221;][vc_column_text]HTW Berlin \u2013 FKI (Geb\u00e4ude H) Forschungs- &amp; Weiterbildungszentrum f\u00fcr Kultur und Informatik Ernst-Ziesel-Stra\u00dfe 12459 Berlin[\/vc_column_text][vc_single_image image=&#8221;26&#8243; img_size=&#8221;full&#8221;][\/vc_column][\/vc_row]<\/p>\n","protected":false},"author":10,"featured_media":0,"parent":0,"menu_order":0,"comment_status":"closed","ping_status":"closed","template":"","meta":{"_acf_changed":false,"footnotes":""},"class_list":["post-287","page","type-page","status-publish","hentry"],"acf":[],"_links":{"self":[{"href":"https:\/\/fki.htw-berlin.de\/centis\/wp-json\/wp\/v2\/pages\/287","targetHints":{"allow":["GET"]}}],"collection":[{"href":"https:\/\/fki.htw-berlin.de\/centis\/wp-json\/wp\/v2\/pages"}],"about":[{"href":"https:\/\/fki.htw-berlin.de\/centis\/wp-json\/wp\/v2\/types\/page"}],"author":[{"embeddable":true,"href":"https:\/\/fki.htw-berlin.de\/centis\/wp-json\/wp\/v2\/users\/10"}],"replies":[{"embeddable":true,"href":"https:\/\/fki.htw-berlin.de\/centis\/wp-json\/wp\/v2\/comments?post=287"}],"version-history":[{"count":6,"href":"https:\/\/fki.htw-berlin.de\/centis\/wp-json\/wp\/v2\/pages\/287\/revisions"}],"predecessor-version":[{"id":518,"href":"https:\/\/fki.htw-berlin.de\/centis\/wp-json\/wp\/v2\/pages\/287\/revisions\/518"}],"wp:attachment":[{"href":"https:\/\/fki.htw-berlin.de\/centis\/wp-json\/wp\/v2\/media?parent=287"}],"curies":[{"name":"wp","href":"https:\/\/api.w.org\/{rel}","templated":true}]}}