{"id":285,"date":"2022-02-17T08:28:21","date_gmt":"2022-02-17T07:28:21","guid":{"rendered":"https:\/\/fki.htw-berlin.de\/?page_id=12"},"modified":"2023-04-06T11:32:06","modified_gmt":"2023-04-06T09:32:06","slug":"home","status":"publish","type":"page","link":"https:\/\/fki.htw-berlin.de\/centis\/","title":{"rendered":"Home"},"content":{"rendered":"<div class=\"wpb-content-wrapper\"><p>[vc_row overflow=&#8221;default&#8221; css=&#8221;.vc_custom_1657813239367{padding-top: 50px !important;}&#8221;][vc_column][vc_custom_heading text=&#8221;CENTIS&#8221; google_fonts=&#8221;font_family:Montserrat%3Aregular%2C700|font_style:400%20regular%3A400%3Anormal&#8221;][vc_custom_heading text=&#8221;Human-Centered Immersive Systems&#8221; font_container=&#8221;tag:h3|text_align:left&#8221; google_fonts=&#8221;font_family:Montserrat%3Aregular%2C700|font_style:400%20regular%3A400%3Anormal&#8221;][vc_separator][vc_column_text]Herzlich Willkommen!<\/p>\n<p>Die Forschungsgruppe CENTIS (Human-Centered Immersive Systems) ist Teil des <a href=\"https:\/\/fki.htw-berlin.de\/\">Forschungs- und Weiterbildungszentrum Kultur und Informatik<\/a> (FKI) der HTW Berlin. Im Mittelpunkt der Forschung stehen die Anforderungen und Bed\u00fcrfnisse von Nutzenden sowie die Entwicklung innovativer 3D-Technologien. Zum Einsatz kommen Virtual-, Augmented-, Mixed- und Extended-Reality (VR, AR, MR, XR) sowie Tangible User Interfaces (TUI).<\/p>\n<p><a href=\"https:\/\/fki.htw-berlin.de\/centis\/team\/\">Unser Team<\/a> um <a href=\"https:\/\/fki.htw-berlin.de\/centis\/project\/johann-habakuk-israel\/\">Prof. Dr.-Ing. Johann Habakuk Israel<\/a>, <a href=\"https:\/\/fki.htw-berlin.de\/centis\/project\/thomas-jung\/\">Prof. Dr.-Ing. Thomas Jung<\/a>, <a href=\"https:\/\/fki.htw-berlin.de\/centis\/project\/christoph-holtmann\/\">Christoph Holtmann<\/a>, <a href=\"https:\/\/fki.htw-berlin.de\/centis\/project\/sebastian-keppler\/\">Sebastian Keppler<\/a>, <a href=\"https:\/\/fki.htw-berlin.de\/centis\/project\/paulina-stefanovic\/\">Paulina Stefanovic<\/a> und <a href=\"https:\/\/fki.htw-berlin.de\/centis\/project\/julian-knepel\/\">Julian Knepel<\/a> ist in verschiedenen Projekten f\u00fcr die technischen Konzepte, Entwicklungen und wissenschaftlichen Methoden zust\u00e4ndig. Schwerpunkte der Arbeiten und wissenschaftlichen Untersuchungen bilden die Unterst\u00fctzung kreativer Prozesse wie des immersiven Skizzierens und Modellierens sowie der Cross-Device-Inhalterstellung, die M\u00f6glichkeiten zur Partizipation in immersiven Umgebungen, mensch-zentrierte 3D-Objektmanipluationen, gesundheitsf\u00f6rdernde immersive L\u00f6sungen sowie der Integration immersiver Medienkonzepten in angewandte Forschungsbereiche.[\/vc_column_text][\/vc_column][\/vc_row][vc_row overflow=&#8221;default&#8221; padding_tablet=&#8221;50px 0px 0px 0px&#8221; css=&#8221;.vc_custom_1657805685133{padding-bottom: 100px !important;}&#8221;][vc_column][vc_custom_heading text=&#8221;Forschungsprojekte&#8221; google_fonts=&#8221;font_family:Montserrat%3Aregular%2C700|font_style:400%20regular%3A400%3Anormal&#8221;][vc_separator][vc_column_text]Im Rahmen der Forschungsprojekte ist das Team in der Regel Teil von Forschungskonsortien und bringt sich als wissenschaftlich-technischer Partner, aber auch als Projektleitung ein. Der Austausch und die Kommunikation mit anderen Forschungsdisziplinen und Partnern aus der Wirtschaft dient gezielt f\u00fcr Inspirationen und die Evaluation der Forschungsergebnisse.[\/vc_column_text][vc_basic_grid post_type=&#8221;fw-portfolio&#8221; max_items=&#8221;-1&#8243; order=&#8221;ASC&#8221; item=&#8221;135&#8243; grid_id=&#8221;vc_gid:1680773456838-5510374d-4701-9&#8243; taxonomies=&#8221;2&#8243; el_class=&#8221;excerpt&#8221;][\/vc_column][\/vc_row]<\/p>\n<\/div>","protected":false},"excerpt":{"rendered":"<p>[vc_row overflow=&#8221;default&#8221; css=&#8221;.vc_custom_1657813239367{padding-top: 50px !important;}&#8221;][vc_column][vc_custom_heading text=&#8221;CENTIS&#8221; google_fonts=&#8221;font_family:Montserrat%3Aregular%2C700|font_style:400%20regular%3A400%3Anormal&#8221;][vc_custom_heading text=&#8221;Human-Centered Immersive Systems&#8221; font_container=&#8221;tag:h3|text_align:left&#8221; google_fonts=&#8221;font_family:Montserrat%3Aregular%2C700|font_style:400%20regular%3A400%3Anormal&#8221;][vc_separator][vc_column_text]Herzlich Willkommen! Die Forschungsgruppe CENTIS (Human-Centered Immersive Systems) ist Teil des Forschungs- und Weiterbildungszentrum Kultur und Informatik (FKI) der HTW Berlin. Im Mittelpunkt der Forschung stehen die Anforderungen und Bed\u00fcrfnisse von Nutzenden sowie die Entwicklung innovativer 3D-Technologien. Zum Einsatz&#8230;<\/p>\n","protected":false},"author":10,"featured_media":0,"parent":0,"menu_order":0,"comment_status":"closed","ping_status":"closed","template":"","meta":{"_acf_changed":false,"footnotes":""},"class_list":["post-285","page","type-page","status-publish","hentry"],"acf":[],"_links":{"self":[{"href":"https:\/\/fki.htw-berlin.de\/centis\/wp-json\/wp\/v2\/pages\/285","targetHints":{"allow":["GET"]}}],"collection":[{"href":"https:\/\/fki.htw-berlin.de\/centis\/wp-json\/wp\/v2\/pages"}],"about":[{"href":"https:\/\/fki.htw-berlin.de\/centis\/wp-json\/wp\/v2\/types\/page"}],"author":[{"embeddable":true,"href":"https:\/\/fki.htw-berlin.de\/centis\/wp-json\/wp\/v2\/users\/10"}],"replies":[{"embeddable":true,"href":"https:\/\/fki.htw-berlin.de\/centis\/wp-json\/wp\/v2\/comments?post=285"}],"version-history":[{"count":13,"href":"https:\/\/fki.htw-berlin.de\/centis\/wp-json\/wp\/v2\/pages\/285\/revisions"}],"predecessor-version":[{"id":584,"href":"https:\/\/fki.htw-berlin.de\/centis\/wp-json\/wp\/v2\/pages\/285\/revisions\/584"}],"wp:attachment":[{"href":"https:\/\/fki.htw-berlin.de\/centis\/wp-json\/wp\/v2\/media?parent=285"}],"curies":[{"name":"wp","href":"https:\/\/api.w.org\/{rel}","templated":true}]}}